{"id":7195,"date":"2025-06-26T00:57:42","date_gmt":"2025-06-25T22:57:42","guid":{"rendered":"https:\/\/www.akaflieg.vo.tum.de\/?page_id=7195"},"modified":"2026-02-21T02:40:18","modified_gmt":"2026-02-21T01:40:18","slug":"vielen-herzlichen-dank-fuer-deine-spende","status":"publish","type":"page","link":"https:\/\/www.akaflieg.vo.tum.de\/de\/vielen-herzlichen-dank-fuer-deine-spende\/","title":{"rendered":"Vielen herzlichen Dank f\u00fcr deine Spende!"},"content":{"rendered":"\t\t<div data-elementor-type=\"wp-page\" data-elementor-id=\"7195\" class=\"elementor elementor-7195\">\n\t\t\t\t\t\t<section class=\"elementor-section elementor-top-section elementor-element elementor-element-cb1a469 elementor-section-boxed elementor-section-height-default elementor-section-height-default\" data-id=\"cb1a469\" data-element_type=\"section\" data-e-type=\"section\">\n\t\t\t\t\t\t<div class=\"elementor-container elementor-column-gap-default\">\n\t\t\t\t\t<div class=\"elementor-column elementor-col-100 elementor-top-column elementor-element elementor-element-13b09b8\" data-id=\"13b09b8\" data-element_type=\"column\" data-e-type=\"column\">\n\t\t\t<div class=\"elementor-widget-wrap elementor-element-populated\">\n\t\t\t\t\t\t<div class=\"elementor-element elementor-element-36dac88 elementor-widget elementor-widget-text-editor\" data-id=\"36dac88\" data-element_type=\"widget\" data-e-type=\"widget\" data-widget_type=\"text-editor.default\">\n\t\t\t\t<div class=\"elementor-widget-container\">\n\t\t\t\t\t\t\t\t\t<p style=\"text-align: center;\">Dank Dir ist die M\u00fc 30 ihrem n\u00e4chsten Flug schon ein gutes St\u00fcck n\u00e4her gekommen!<\/p><p style=\"text-align: center;\">Bei Fragen kannst du Dich jederzeit unter <a href=\"mailto:spenden@akaflieg-muenchen.de\">spenden@akaflieg-muenchen.de<\/a> bei uns melden.<\/p>\t\t\t\t\t\t\t\t<\/div>\n\t\t\t\t<\/div>\n\t\t\t\t\t<\/div>\n\t\t<\/div>\n\t\t\t\t\t<\/div>\n\t\t<\/section>\n\t\t\t\t<section class=\"elementor-section elementor-top-section elementor-element elementor-element-981b682 elementor-section-boxed elementor-section-height-default elementor-section-height-default\" data-id=\"981b682\" data-element_type=\"section\" data-e-type=\"section\">\n\t\t\t\t\t\t<div class=\"elementor-container elementor-column-gap-default\">\n\t\t\t\t\t<div class=\"elementor-column elementor-col-100 elementor-top-column elementor-element elementor-element-a1ddc17\" data-id=\"a1ddc17\" data-element_type=\"column\" data-e-type=\"column\">\n\t\t\t<div class=\"elementor-widget-wrap elementor-element-populated\">\n\t\t\t\t\t\t<div class=\"elementor-element elementor-element-398a9e6 elementor-widget elementor-widget-image\" data-id=\"398a9e6\" data-element_type=\"widget\" data-e-type=\"widget\" data-widget_type=\"image.default\">\n\t\t\t\t<div class=\"elementor-widget-container\">\n\t\t\t\t\t\t\t\t\t\t\t\t\t\t\t<img fetchpriority=\"high\" decoding=\"async\" data-attachment-id=\"7072\" data-permalink=\"https:\/\/www.akaflieg.vo.tum.de\/de\/elementor-5485\/mue_30_smoke_freigestellt_v2\/mue_30_smoke_freigestellt_v2-2\/\" data-orig-file=\"https:\/\/i0.wp.com\/www.akaflieg.vo.tum.de\/wp-content\/uploads\/2025\/06\/mue_30_smoke_freigestellt_v2.webp?fit=1200%2C1168&amp;ssl=1\" data-orig-size=\"1200,1168\" data-comments-opened=\"0\" data-image-meta=\"{&quot;aperture&quot;:&quot;0&quot;,&quot;credit&quot;:&quot;&quot;,&quot;camera&quot;:&quot;&quot;,&quot;caption&quot;:&quot;&quot;,&quot;created_timestamp&quot;:&quot;0&quot;,&quot;copyright&quot;:&quot;&quot;,&quot;focal_length&quot;:&quot;0&quot;,&quot;iso&quot;:&quot;0&quot;,&quot;shutter_speed&quot;:&quot;0&quot;,&quot;title&quot;:&quot;&quot;,&quot;orientation&quot;:&quot;0&quot;}\" data-image-title=\"mue_30_smoke_freigestellt_v2\" data-image-description=\"\" data-image-caption=\"\" data-large-file=\"https:\/\/i0.wp.com\/www.akaflieg.vo.tum.de\/wp-content\/uploads\/2025\/06\/mue_30_smoke_freigestellt_v2.webp?fit=950%2C925&amp;ssl=1\" width=\"950\" height=\"925\" src=\"https:\/\/i0.wp.com\/www.akaflieg.vo.tum.de\/wp-content\/uploads\/2025\/06\/mue_30_smoke_freigestellt_v2.webp?fit=950%2C925&amp;ssl=1\" class=\"attachment-large size-large wp-image-7072\" alt=\"\" srcset=\"https:\/\/i0.wp.com\/www.akaflieg.vo.tum.de\/wp-content\/uploads\/2025\/06\/mue_30_smoke_freigestellt_v2.webp?w=1200&amp;ssl=1 1200w, https:\/\/i0.wp.com\/www.akaflieg.vo.tum.de\/wp-content\/uploads\/2025\/06\/mue_30_smoke_freigestellt_v2.webp?resize=300%2C292&amp;ssl=1 300w, https:\/\/i0.wp.com\/www.akaflieg.vo.tum.de\/wp-content\/uploads\/2025\/06\/mue_30_smoke_freigestellt_v2.webp?resize=1024%2C997&amp;ssl=1 1024w, https:\/\/i0.wp.com\/www.akaflieg.vo.tum.de\/wp-content\/uploads\/2025\/06\/mue_30_smoke_freigestellt_v2.webp?resize=12%2C12&amp;ssl=1 12w, https:\/\/i0.wp.com\/www.akaflieg.vo.tum.de\/wp-content\/uploads\/2025\/06\/mue_30_smoke_freigestellt_v2.webp?resize=600%2C584&amp;ssl=1 600w\" sizes=\"100vw\" data-attachment-id=\"7072\" data-permalink=\"https:\/\/www.akaflieg.vo.tum.de\/de\/elementor-5485\/mue_30_smoke_freigestellt_v2\/mue_30_smoke_freigestellt_v2-2\/\" data-orig-file=\"https:\/\/i0.wp.com\/www.akaflieg.vo.tum.de\/wp-content\/uploads\/2025\/06\/mue_30_smoke_freigestellt_v2.webp?fit=1200%2C1168&amp;ssl=1\" data-orig-size=\"1200,1168\" data-comments-opened=\"0\" data-image-meta=\"{&quot;aperture&quot;:&quot;0&quot;,&quot;credit&quot;:&quot;&quot;,&quot;camera&quot;:&quot;&quot;,&quot;caption&quot;:&quot;&quot;,&quot;created_timestamp&quot;:&quot;0&quot;,&quot;copyright&quot;:&quot;&quot;,&quot;focal_length&quot;:&quot;0&quot;,&quot;iso&quot;:&quot;0&quot;,&quot;shutter_speed&quot;:&quot;0&quot;,&quot;title&quot;:&quot;&quot;,&quot;orientation&quot;:&quot;0&quot;}\" data-image-title=\"mue_30_smoke_freigestellt_v2\" data-image-description=\"\" data-image-caption=\"\" data-large-file=\"https:\/\/i0.wp.com\/www.akaflieg.vo.tum.de\/wp-content\/uploads\/2025\/06\/mue_30_smoke_freigestellt_v2.webp?fit=950%2C925&amp;ssl=1\" \/>\t\t\t\t\t\t\t\t\t\t\t\t\t\t\t<\/div>\n\t\t\t\t<\/div>\n\t\t\t\t\t<\/div>\n\t\t<\/div>\n\t\t\t\t\t<\/div>\n\t\t<\/section>\n\t\t\t\t<section class=\"elementor-section elementor-top-section elementor-element elementor-element-e44b589 elementor-section-full_width elementor-section-stretched elementor-section-height-default elementor-section-height-default\" data-id=\"e44b589\" data-element_type=\"section\" data-e-type=\"section\" data-settings=\"{&quot;stretch_section&quot;:&quot;section-stretched&quot;,&quot;background_background&quot;:&quot;classic&quot;}\">\n\t\t\t\t\t\t<div class=\"elementor-container elementor-column-gap-default\">\n\t\t\t\t\t<div class=\"elementor-column elementor-col-100 elementor-top-column elementor-element elementor-element-07efceb\" data-id=\"07efceb\" data-element_type=\"column\" data-e-type=\"column\">\n\t\t\t<div class=\"elementor-widget-wrap elementor-element-populated\">\n\t\t\t\t\t\t<div class=\"elementor-element elementor-element-75acf77 elementor-widget elementor-widget-spacer\" data-id=\"75acf77\" data-element_type=\"widget\" data-e-type=\"widget\" data-widget_type=\"spacer.default\">\n\t\t\t\t<div class=\"elementor-widget-container\">\n\t\t\t\t\t\t\t<div class=\"elementor-spacer\">\n\t\t\t<div class=\"elementor-spacer-inner\"><\/div>\n\t\t<\/div>\n\t\t\t\t\t\t<\/div>\n\t\t\t\t<\/div>\n\t\t\t\t<div class=\"elementor-element elementor-element-12386bc elementor-widget elementor-widget-heading\" data-id=\"12386bc\" data-element_type=\"widget\" data-e-type=\"widget\" data-widget_type=\"heading.default\">\n\t\t\t\t<div class=\"elementor-widget-container\">\n\t\t\t\t\t<h2 class=\"elementor-heading-title elementor-size-default\">Du m\u00f6chtest noch mehr von uns sehen?<\/h2>\t\t\t\t<\/div>\n\t\t\t\t<\/div>\n\t\t\t\t<div class=\"elementor-element elementor-element-d9ef183 elementor-shape-square elementor-grid-0 e-grid-align-center elementor-widget elementor-widget-social-icons\" data-id=\"d9ef183\" data-element_type=\"widget\" data-e-type=\"widget\" data-widget_type=\"social-icons.default\">\n\t\t\t\t<div class=\"elementor-widget-container\">\n\t\t\t\t\t\t\t<div class=\"elementor-social-icons-wrapper elementor-grid\" role=\"list\">\n\t\t\t\t\t\t\t<span class=\"elementor-grid-item\" role=\"listitem\">\n\t\t\t\t\t<a class=\"elementor-icon elementor-social-icon elementor-social-icon-instagram elementor-animation-grow elementor-repeater-item-633f63f\" href=\"https:\/\/www.instagram.com\/akaflieg_muenchen\/\" target=\"_blank\">\n\t\t\t\t\t\t<span class=\"elementor-screen-only\">Instagram<\/span>\n\t\t\t\t\t\t<i aria-hidden=\"true\" class=\"fab fa-instagram\"><\/i>\t\t\t\t\t<\/a>\n\t\t\t\t<\/span>\n\t\t\t\t\t\t\t<span class=\"elementor-grid-item\" role=\"listitem\">\n\t\t\t\t\t<a class=\"elementor-icon elementor-social-icon elementor-social-icon-youtube elementor-animation-grow elementor-repeater-item-8e27b12\" href=\"https:\/\/www.youtube.com\/user\/akafliegmuenchen\" target=\"_blank\">\n\t\t\t\t\t\t<span class=\"elementor-screen-only\">Youtube<\/span>\n\t\t\t\t\t\t<i aria-hidden=\"true\" class=\"fab fa-youtube\"><\/i>\t\t\t\t\t<\/a>\n\t\t\t\t<\/span>\n\t\t\t\t\t\t\t<span class=\"elementor-grid-item\" role=\"listitem\">\n\t\t\t\t\t<a class=\"elementor-icon elementor-social-icon elementor-social-icon-linkedin elementor-animation-grow elementor-repeater-item-2f3699f\" href=\"https:\/\/www.linkedin.com\/company\/akaflieg-m\u00fcnchen\/\" target=\"_blank\">\n\t\t\t\t\t\t<span class=\"elementor-screen-only\">Linkedin<\/span>\n\t\t\t\t\t\t<i aria-hidden=\"true\" class=\"fab fa-linkedin\"><\/i>\t\t\t\t\t<\/a>\n\t\t\t\t<\/span>\n\t\t\t\t\t<\/div>\n\t\t\t\t\t\t<\/div>\n\t\t\t\t<\/div>\n\t\t\t\t<div class=\"elementor-element elementor-element-ed03839 elementor-widget elementor-widget-spacer\" data-id=\"ed03839\" data-element_type=\"widget\" data-e-type=\"widget\" data-widget_type=\"spacer.default\">\n\t\t\t\t<div class=\"elementor-widget-container\">\n\t\t\t\t\t\t\t<div class=\"elementor-spacer\">\n\t\t\t<div class=\"elementor-spacer-inner\"><\/div>\n\t\t<\/div>\n\t\t\t\t\t\t<\/div>\n\t\t\t\t<\/div>\n\t\t\t\t\t<\/div>\n\t\t<\/div>\n\t\t\t\t\t<\/div>\n\t\t<\/section>\n\t\t\t\t<\/div>\n\t\t","protected":false},"excerpt":{"rendered":"<p>Dank Dir ist die M\u00fc 30 ihrem n\u00e4chsten Flug schon ein gutes St\u00fcck n\u00e4her gekommen! Bei Fragen kannst du Dich jederzeit unter spenden@akaflieg-muenchen.de bei uns melden. Du m\u00f6chtest noch mehr von uns sehen? Instagram Youtube Linkedin<\/p>\n","protected":false},"author":58,"featured_media":0,"parent":0,"menu_order":0,"comment_status":"closed","ping_status":"closed","template":"","meta":{"inspiro_hide_title":false,"footnotes":""},"class_list":["post-7195","page","type-page","status-publish","hentry"],"jetpack_sharing_enabled":true,"featured_media_urls":[],"_links":{"self":[{"href":"https:\/\/www.akaflieg.vo.tum.de\/de\/wp-json\/wp\/v2\/pages\/7195","targetHints":{"allow":["GET"]}}],"collection":[{"href":"https:\/\/www.akaflieg.vo.tum.de\/de\/wp-json\/wp\/v2\/pages"}],"about":[{"href":"https:\/\/www.akaflieg.vo.tum.de\/de\/wp-json\/wp\/v2\/types\/page"}],"author":[{"embeddable":true,"href":"https:\/\/www.akaflieg.vo.tum.de\/de\/wp-json\/wp\/v2\/users\/58"}],"replies":[{"embeddable":true,"href":"https:\/\/www.akaflieg.vo.tum.de\/de\/wp-json\/wp\/v2\/comments?post=7195"}],"version-history":[{"count":16,"href":"https:\/\/www.akaflieg.vo.tum.de\/de\/wp-json\/wp\/v2\/pages\/7195\/revisions"}],"predecessor-version":[{"id":8042,"href":"https:\/\/www.akaflieg.vo.tum.de\/de\/wp-json\/wp\/v2\/pages\/7195\/revisions\/8042"}],"wp:attachment":[{"href":"https:\/\/www.akaflieg.vo.tum.de\/de\/wp-json\/wp\/v2\/media?parent=7195"}],"curies":[{"name":"wp","href":"https:\/\/api.w.org\/{rel}","templated":true}]}}