{"id":5599,"date":"2024-06-11T17:50:27","date_gmt":"2024-06-11T15:50:27","guid":{"rendered":"https:\/\/www.akaflieg.vo.tum.de\/?page_id=5599"},"modified":"2024-07-03T21:42:34","modified_gmt":"2024-07-03T19:42:34","slug":"einladung-zur-100-jahrfeier-der-akaflieg-munchen","status":"publish","type":"page","link":"https:\/\/www.akaflieg.vo.tum.de\/de\/einladung-zur-100-jahrfeier-der-akaflieg-munchen\/","title":{"rendered":"Einladung zur 100 Jahrfeier der Akaflieg M\u00fcnchen"},"content":{"rendered":"\t\t<div data-elementor-type=\"wp-page\" data-elementor-id=\"5599\" class=\"elementor elementor-5599\">\n\t\t\t\t\t\t<section class=\"elementor-section elementor-top-section elementor-element elementor-element-15039f57 elementor-section-stretched elementor-section-boxed elementor-section-height-default elementor-section-height-default\" data-id=\"15039f57\" data-element_type=\"section\" data-e-type=\"section\" data-settings=\"{&quot;stretch_section&quot;:&quot;section-stretched&quot;,&quot;background_background&quot;:&quot;classic&quot;}\">\n\t\t\t\t\t\t<div class=\"elementor-container elementor-column-gap-default\">\n\t\t\t\t\t<div class=\"elementor-column elementor-col-100 elementor-top-column elementor-element elementor-element-7cab9c77\" data-id=\"7cab9c77\" data-element_type=\"column\" data-e-type=\"column\">\n\t\t\t<div class=\"elementor-widget-wrap elementor-element-populated\">\n\t\t\t\t\t\t<div class=\"elementor-element elementor-element-ec5d970 elementor-widget elementor-widget-heading\" data-id=\"ec5d970\" data-element_type=\"widget\" data-e-type=\"widget\" data-widget_type=\"heading.default\">\n\t\t\t\t<div class=\"elementor-widget-container\">\n\t\t\t\t\t<h1 class=\"elementor-heading-title elementor-size-default\">Einladung zur 100 Jahrfeier der Akaflieg M\u00fcnchen<\/h1>\t\t\t\t<\/div>\n\t\t\t\t<\/div>\n\t\t\t\t<div class=\"elementor-element elementor-element-3b82ac0 elementor-widget elementor-widget-text-editor\" data-id=\"3b82ac0\" data-element_type=\"widget\" data-e-type=\"widget\" data-widget_type=\"text-editor.default\">\n\t\t\t\t<div class=\"elementor-widget-container\">\n\t\t\t\t\t\t\t\t\t<p><span style=\"color: #ffffff;\">Liebe Akafliegerinnen und Akaflieger, liebe Freunde und F\u00f6rderer des Vereins,<\/span><\/p>\n<p><span style=\"color: #ffffff;\">unsere 100-Jahrfeier wird am 27.07. ab 12:00 Uhr in K\u00f6nigsdorf stattfinden (Adresse: Am Segelflugplatz 5, 82549 K\u00f6nigsdorf). Wir wollen den gesamten Tag f\u00fcr einen gemeinsamen R\u00fcckblick in 100-Jahre Akaflieg M\u00fcnchen nutzen, inklusive Flugprogramm, Vortr\u00e4ge und Interviews \u00fcber Vergangenes, Aktuelles und Zuk\u00fcnftiges. Den Tag werden wir mit einem festlichen Abendprogramm und einem Bankett abrunden.<\/span><\/p>\n<p><span style=\"color: #ffffff;\">Wir freuen uns darauf, viele von euch begr\u00fc\u00dfen zu d\u00fcrfen und mit euch diesen Tag zu verbringen. Nutzt zur Anmeldung bitte das digitale Formular unten. Wir werden das Fest entsprechend eurer Anmeldungen dimensionieren. Weitere G\u00e4ste aus eurem Akaflieg-Umfeld k\u00f6nnt ihr gerne einfach \u00fcber die Weitergabe des Links einladen.<\/span><\/p>\n<p><span style=\"color: #ffffff;\">Bei ausreichendem Bedarf w\u00fcrden wir uns auch um einen Shuttle Service von und zu Unterk\u00fcnften in der N\u00e4he, als auch um \u00dcbernachtungsm\u00f6glichkeiten, bem\u00fchen.<\/span><\/p>\n<p><span style=\"color: #ffffff;\">Mit dem Luxus eines Flugplatzes ist es auch m\u00f6glich, mit interessanten Flugzeugen anzureisen. Da wir am Segelflugzentrum nicht unendlich viel Platz und Kontingente haben, schreibt uns zur Abkl\u00e4rung bitte eine Mail (s. Formular).<\/span><\/p>\n<p><span style=\"color: #ffffff;\">Die darauffolgende Altdamen- und Altherrenflugwoche wird uns dar\u00fcber hinaus viel M\u00f6glichkeiten zum Austausch bieten. Die Flugwoche wird am Samstag schlie\u00dflich vom Sauessen der neuen Junggruppler abgeschlossen, es lohnt sich also zu bleiben!<\/span><\/p>\n<p><span style=\"color: #ffffff;\">Bei Fragen oder Problemen, meldet euch gerne bei uns unter <span style=\"color: #f7b500;\"><a style=\"color: #f7b500;\" href=\"mailto:100@akaflieg-muenchen.de\">100@akaflieg-muenchen.de<span style=\"color: #ffffff;\">.<\/span><\/a><\/span><\/span><\/p>\n<p><span style=\"color: #ffffff;\">Das genaue Programm mit weiteren Details verschicken wir eine Woche vor der Feier.<\/span><\/p>\n<p><span style=\"color: #ffffff;\">Wir freuen uns auf euch!<\/span><br \/><span style=\"color: #ffffff;\">Eure Akaflieg M\u00fcnchen<\/span><\/p>\t\t\t\t\t\t\t\t<\/div>\n\t\t\t\t<\/div>\n\t\t\t\t<div class=\"elementor-element elementor-element-355a27e elementor-widget__width-inherit elementor-widget elementor-widget-image\" data-id=\"355a27e\" data-element_type=\"widget\" data-e-type=\"widget\" data-widget_type=\"image.default\">\n\t\t\t\t<div class=\"elementor-widget-container\">\n\t\t\t\t\t\t\t\t\t\t\t\t\t\t\t<img fetchpriority=\"high\" decoding=\"async\" data-attachment-id=\"5795\" data-permalink=\"https:\/\/www.akaflieg.vo.tum.de\/de\/einladung-zur-100-jahrfeier-der-akaflieg-munchen\/mue_32_bruchversuch_hochformat-5\/\" data-orig-file=\"https:\/\/i0.wp.com\/www.akaflieg.vo.tum.de\/wp-content\/uploads\/2024\/06\/einladung_hundertjahrfeier_akaflieg_variante3c_zugeschnitten6-scaled.jpg?fit=2560%2C1706&amp;ssl=1\" data-orig-size=\"2560,1706\" data-comments-opened=\"1\" data-image-meta=\"{&quot;aperture&quot;:&quot;0&quot;,&quot;credit&quot;:&quot;&quot;,&quot;camera&quot;:&quot;&quot;,&quot;caption&quot;:&quot;&quot;,&quot;created_timestamp&quot;:&quot;0&quot;,&quot;copyright&quot;:&quot;&quot;,&quot;focal_length&quot;:&quot;0&quot;,&quot;iso&quot;:&quot;0&quot;,&quot;shutter_speed&quot;:&quot;0&quot;,&quot;title&quot;:&quot;mue_32_bruchversuch_hochformat&quot;,&quot;orientation&quot;:&quot;0&quot;}\" data-image-title=\"mue_32_bruchversuch_hochformat\" data-image-description=\"\" data-image-caption=\"\" data-large-file=\"https:\/\/i0.wp.com\/www.akaflieg.vo.tum.de\/wp-content\/uploads\/2024\/06\/einladung_hundertjahrfeier_akaflieg_variante3c_zugeschnitten6-scaled.jpg?fit=950%2C633&amp;ssl=1\" width=\"2560\" height=\"1706\" src=\"https:\/\/i0.wp.com\/www.akaflieg.vo.tum.de\/wp-content\/uploads\/2024\/06\/einladung_hundertjahrfeier_akaflieg_variante3c_zugeschnitten6-scaled.jpg?fit=2560%2C1706&amp;ssl=1\" class=\"attachment-full size-full wp-image-5795\" alt=\"\" srcset=\"https:\/\/i0.wp.com\/www.akaflieg.vo.tum.de\/wp-content\/uploads\/2024\/06\/einladung_hundertjahrfeier_akaflieg_variante3c_zugeschnitten6-scaled.jpg?w=2560&amp;ssl=1 2560w, https:\/\/i0.wp.com\/www.akaflieg.vo.tum.de\/wp-content\/uploads\/2024\/06\/einladung_hundertjahrfeier_akaflieg_variante3c_zugeschnitten6-scaled.jpg?resize=300%2C200&amp;ssl=1 300w, https:\/\/i0.wp.com\/www.akaflieg.vo.tum.de\/wp-content\/uploads\/2024\/06\/einladung_hundertjahrfeier_akaflieg_variante3c_zugeschnitten6-scaled.jpg?resize=1024%2C682&amp;ssl=1 1024w, https:\/\/i0.wp.com\/www.akaflieg.vo.tum.de\/wp-content\/uploads\/2024\/06\/einladung_hundertjahrfeier_akaflieg_variante3c_zugeschnitten6-scaled.jpg?resize=2000%2C1333&amp;ssl=1 2000w, https:\/\/i0.wp.com\/www.akaflieg.vo.tum.de\/wp-content\/uploads\/2024\/06\/einladung_hundertjahrfeier_akaflieg_variante3c_zugeschnitten6-scaled.jpg?resize=18%2C12&amp;ssl=1 18w, https:\/\/i0.wp.com\/www.akaflieg.vo.tum.de\/wp-content\/uploads\/2024\/06\/einladung_hundertjahrfeier_akaflieg_variante3c_zugeschnitten6-scaled.jpg?resize=1536%2C1024&amp;ssl=1 1536w, https:\/\/i0.wp.com\/www.akaflieg.vo.tum.de\/wp-content\/uploads\/2024\/06\/einladung_hundertjahrfeier_akaflieg_variante3c_zugeschnitten6-scaled.jpg?resize=2048%2C1365&amp;ssl=1 2048w, https:\/\/i0.wp.com\/www.akaflieg.vo.tum.de\/wp-content\/uploads\/2024\/06\/einladung_hundertjahrfeier_akaflieg_variante3c_zugeschnitten6-scaled.jpg?resize=600%2C400&amp;ssl=1 600w, https:\/\/i0.wp.com\/www.akaflieg.vo.tum.de\/wp-content\/uploads\/2024\/06\/einladung_hundertjahrfeier_akaflieg_variante3c_zugeschnitten6-scaled.jpg?resize=1200%2C800&amp;ssl=1 1200w, https:\/\/i0.wp.com\/www.akaflieg.vo.tum.de\/wp-content\/uploads\/2024\/06\/einladung_hundertjahrfeier_akaflieg_variante3c_zugeschnitten6-scaled.jpg?w=1900&amp;ssl=1 1900w\" sizes=\"100vw\" data-attachment-id=\"5795\" data-permalink=\"https:\/\/www.akaflieg.vo.tum.de\/de\/einladung-zur-100-jahrfeier-der-akaflieg-munchen\/mue_32_bruchversuch_hochformat-5\/\" data-orig-file=\"https:\/\/i0.wp.com\/www.akaflieg.vo.tum.de\/wp-content\/uploads\/2024\/06\/einladung_hundertjahrfeier_akaflieg_variante3c_zugeschnitten6-scaled.jpg?fit=2560%2C1706&amp;ssl=1\" data-orig-size=\"2560,1706\" data-comments-opened=\"1\" data-image-meta=\"{&quot;aperture&quot;:&quot;0&quot;,&quot;credit&quot;:&quot;&quot;,&quot;camera&quot;:&quot;&quot;,&quot;caption&quot;:&quot;&quot;,&quot;created_timestamp&quot;:&quot;0&quot;,&quot;copyright&quot;:&quot;&quot;,&quot;focal_length&quot;:&quot;0&quot;,&quot;iso&quot;:&quot;0&quot;,&quot;shutter_speed&quot;:&quot;0&quot;,&quot;title&quot;:&quot;mue_32_bruchversuch_hochformat&quot;,&quot;orientation&quot;:&quot;0&quot;}\" data-image-title=\"mue_32_bruchversuch_hochformat\" data-image-description=\"\" data-image-caption=\"\" data-large-file=\"https:\/\/i0.wp.com\/www.akaflieg.vo.tum.de\/wp-content\/uploads\/2024\/06\/einladung_hundertjahrfeier_akaflieg_variante3c_zugeschnitten6-scaled.jpg?fit=950%2C633&amp;ssl=1\" \/>\t\t\t\t\t\t\t\t\t\t\t\t\t\t\t<\/div>\n\t\t\t\t<\/div>\n\t\t\t\t\t<\/div>\n\t\t<\/div>\n\t\t\t\t\t<\/div>\n\t\t<\/section>\n\t\t\t\t<section class=\"elementor-section elementor-top-section elementor-element elementor-element-871bf61 elementor-section-boxed elementor-section-height-default elementor-section-height-default\" data-id=\"871bf61\" data-element_type=\"section\" data-e-type=\"section\">\n\t\t\t\t\t\t<div class=\"elementor-container elementor-column-gap-default\">\n\t\t\t\t\t<div class=\"elementor-column elementor-col-100 elementor-top-column elementor-element elementor-element-85f50bc\" data-id=\"85f50bc\" data-element_type=\"column\" data-e-type=\"column\">\n\t\t\t<div class=\"elementor-widget-wrap elementor-element-populated\">\n\t\t\t\t\t\t<div class=\"elementor-element elementor-element-24bf71b4 elementor-widget elementor-widget-text-editor\" data-id=\"24bf71b4\" data-element_type=\"widget\" data-e-type=\"widget\" data-widget_type=\"text-editor.default\">\n\t\t\t\t<div class=\"elementor-widget-container\">\n\t\t\t\t\t\t\t\t\t<div>[formidable id=&#8220;2&#8243;]<\/div>\t\t\t\t\t\t\t\t<\/div>\n\t\t\t\t<\/div>\n\t\t\t\t\t<\/div>\n\t\t<\/div>\n\t\t\t\t\t<\/div>\n\t\t<\/section>\n\t\t\t\t<\/div>\n\t\t","protected":false},"excerpt":{"rendered":"<p>Einladung zur 100 Jahrfeier der Akaflieg M\u00fcnchen Liebe Akafliegerinnen und Akaflieger, liebe Freunde und F\u00f6rderer des Vereins, unsere 100-Jahrfeier wird am 27.07. ab 12:00 Uhr in K\u00f6nigsdorf stattfinden (Adresse: Am Segelflugplatz 5, 82549 K\u00f6nigsdorf). Wir wollen den gesamten Tag f\u00fcr einen gemeinsamen R\u00fcckblick in 100-Jahre Akaflieg M\u00fcnchen nutzen, inklusive Flugprogramm, Vortr\u00e4ge und Interviews \u00fcber Vergangenes, &hellip; <\/p>\n<p class=\"link-more\"><a href=\"https:\/\/www.akaflieg.vo.tum.de\/de\/einladung-zur-100-jahrfeier-der-akaflieg-munchen\/\" class=\"more-link\">Mehr <span class=\"screen-reader-text\">\u00fcber &#8222;Einladung zur 100 Jahrfeier der Akaflieg M\u00fcnchen&#8220; <\/span>Lesen<\/a><\/p>\n","protected":false},"author":56,"featured_media":0,"parent":0,"menu_order":0,"comment_status":"closed","ping_status":"closed","template":"","meta":{"inspiro_hide_title":false,"footnotes":""},"class_list":["post-5599","page","type-page","status-publish","hentry"],"jetpack_sharing_enabled":true,"featured_media_urls":[],"_links":{"self":[{"href":"https:\/\/www.akaflieg.vo.tum.de\/de\/wp-json\/wp\/v2\/pages\/5599","targetHints":{"allow":["GET"]}}],"collection":[{"href":"https:\/\/www.akaflieg.vo.tum.de\/de\/wp-json\/wp\/v2\/pages"}],"about":[{"href":"https:\/\/www.akaflieg.vo.tum.de\/de\/wp-json\/wp\/v2\/types\/page"}],"author":[{"embeddable":true,"href":"https:\/\/www.akaflieg.vo.tum.de\/de\/wp-json\/wp\/v2\/users\/56"}],"replies":[{"embeddable":true,"href":"https:\/\/www.akaflieg.vo.tum.de\/de\/wp-json\/wp\/v2\/comments?post=5599"}],"version-history":[{"count":53,"href":"https:\/\/www.akaflieg.vo.tum.de\/de\/wp-json\/wp\/v2\/pages\/5599\/revisions"}],"predecessor-version":[{"id":5858,"href":"https:\/\/www.akaflieg.vo.tum.de\/de\/wp-json\/wp\/v2\/pages\/5599\/revisions\/5858"}],"wp:attachment":[{"href":"https:\/\/www.akaflieg.vo.tum.de\/de\/wp-json\/wp\/v2\/media?parent=5599"}],"curies":[{"name":"wp","href":"https:\/\/api.w.org\/{rel}","templated":true}]}}