{"id":5039,"date":"2022-11-16T22:51:33","date_gmt":"2022-11-16T21:51:33","guid":{"rendered":"https:\/\/www.akaflieg.vo.tum.de\/?page_id=5039"},"modified":"2025-11-24T12:54:48","modified_gmt":"2025-11-24T11:54:48","slug":"kfzbueffel","status":"publish","type":"page","link":"https:\/\/www.akaflieg.vo.tum.de\/de\/kfzbueffel\/","title":{"rendered":"KFZ-B\u00fcffel"},"content":{"rendered":"\t\t<div data-elementor-type=\"wp-page\" data-elementor-id=\"5039\" class=\"elementor elementor-5039\">\n\t\t\t\t\t\t<section class=\"elementor-section elementor-top-section elementor-element elementor-element-df37a7f elementor-section-boxed elementor-section-height-default elementor-section-height-default\" data-id=\"df37a7f\" data-element_type=\"section\" data-e-type=\"section\">\n\t\t\t\t\t\t<div class=\"elementor-container elementor-column-gap-default\">\n\t\t\t\t\t<div class=\"elementor-column elementor-col-33 elementor-top-column elementor-element elementor-element-c772a08\" data-id=\"c772a08\" data-element_type=\"column\" data-e-type=\"column\">\n\t\t\t<div class=\"elementor-widget-wrap elementor-element-populated\">\n\t\t\t\t\t\t<div class=\"elementor-element elementor-element-ebe4c7e elementor-widget elementor-widget-image\" data-id=\"ebe4c7e\" data-element_type=\"widget\" data-e-type=\"widget\" data-widget_type=\"image.default\">\n\t\t\t\t<div class=\"elementor-widget-container\">\n\t\t\t\t\t\t\t\t\t\t\t\t\t\t\t<img fetchpriority=\"high\" decoding=\"async\" data-attachment-id=\"7794\" data-permalink=\"https:\/\/www.akaflieg.vo.tum.de\/de\/chef\/wasserkopf_2024_einzelfotos-4\/\" data-orig-file=\"https:\/\/i0.wp.com\/www.akaflieg.vo.tum.de\/wp-content\/uploads\/2025\/11\/2025_floppy_webseite.jpg?fit=1920%2C2560&amp;ssl=1\" data-orig-size=\"1920,2560\" data-comments-opened=\"1\" data-image-meta=\"{&quot;aperture&quot;:&quot;0&quot;,&quot;credit&quot;:&quot;&quot;,&quot;camera&quot;:&quot;&quot;,&quot;caption&quot;:&quot;&quot;,&quot;created_timestamp&quot;:&quot;1763292798&quot;,&quot;copyright&quot;:&quot;&quot;,&quot;focal_length&quot;:&quot;0&quot;,&quot;iso&quot;:&quot;0&quot;,&quot;shutter_speed&quot;:&quot;0&quot;,&quot;title&quot;:&quot;wasserkopf_2024_einzelfotos&quot;,&quot;orientation&quot;:&quot;0&quot;}\" data-image-title=\"wasserkopf_2024_einzelfotos\" data-image-description=\"\" data-image-caption=\"\" data-large-file=\"https:\/\/i0.wp.com\/www.akaflieg.vo.tum.de\/wp-content\/uploads\/2025\/11\/2025_floppy_webseite.jpg?fit=768%2C1024&amp;ssl=1\" width=\"768\" height=\"1024\" src=\"https:\/\/i0.wp.com\/www.akaflieg.vo.tum.de\/wp-content\/uploads\/2025\/11\/2025_floppy_webseite.jpg?fit=768%2C1024&amp;ssl=1\" class=\"attachment-large size-large wp-image-7794\" alt=\"\" srcset=\"https:\/\/i0.wp.com\/www.akaflieg.vo.tum.de\/wp-content\/uploads\/2025\/11\/2025_floppy_webseite.jpg?w=1920&amp;ssl=1 1920w, https:\/\/i0.wp.com\/www.akaflieg.vo.tum.de\/wp-content\/uploads\/2025\/11\/2025_floppy_webseite.jpg?resize=225%2C300&amp;ssl=1 225w, https:\/\/i0.wp.com\/www.akaflieg.vo.tum.de\/wp-content\/uploads\/2025\/11\/2025_floppy_webseite.jpg?resize=768%2C1024&amp;ssl=1 768w, https:\/\/i0.wp.com\/www.akaflieg.vo.tum.de\/wp-content\/uploads\/2025\/11\/2025_floppy_webseite.jpg?resize=9%2C12&amp;ssl=1 9w, https:\/\/i0.wp.com\/www.akaflieg.vo.tum.de\/wp-content\/uploads\/2025\/11\/2025_floppy_webseite.jpg?resize=1152%2C1536&amp;ssl=1 1152w, https:\/\/i0.wp.com\/www.akaflieg.vo.tum.de\/wp-content\/uploads\/2025\/11\/2025_floppy_webseite.jpg?resize=1536%2C2048&amp;ssl=1 1536w, https:\/\/i0.wp.com\/www.akaflieg.vo.tum.de\/wp-content\/uploads\/2025\/11\/2025_floppy_webseite.jpg?resize=600%2C800&amp;ssl=1 600w, https:\/\/i0.wp.com\/www.akaflieg.vo.tum.de\/wp-content\/uploads\/2025\/11\/2025_floppy_webseite.jpg?resize=1200%2C1600&amp;ssl=1 1200w\" sizes=\"100vw\" data-attachment-id=\"7794\" data-permalink=\"https:\/\/www.akaflieg.vo.tum.de\/de\/chef\/wasserkopf_2024_einzelfotos-4\/\" data-orig-file=\"https:\/\/i0.wp.com\/www.akaflieg.vo.tum.de\/wp-content\/uploads\/2025\/11\/2025_floppy_webseite.jpg?fit=1920%2C2560&amp;ssl=1\" data-orig-size=\"1920,2560\" data-comments-opened=\"1\" data-image-meta=\"{&quot;aperture&quot;:&quot;0&quot;,&quot;credit&quot;:&quot;&quot;,&quot;camera&quot;:&quot;&quot;,&quot;caption&quot;:&quot;&quot;,&quot;created_timestamp&quot;:&quot;1763292798&quot;,&quot;copyright&quot;:&quot;&quot;,&quot;focal_length&quot;:&quot;0&quot;,&quot;iso&quot;:&quot;0&quot;,&quot;shutter_speed&quot;:&quot;0&quot;,&quot;title&quot;:&quot;wasserkopf_2024_einzelfotos&quot;,&quot;orientation&quot;:&quot;0&quot;}\" data-image-title=\"wasserkopf_2024_einzelfotos\" data-image-description=\"\" data-image-caption=\"\" data-large-file=\"https:\/\/i0.wp.com\/www.akaflieg.vo.tum.de\/wp-content\/uploads\/2025\/11\/2025_floppy_webseite.jpg?fit=768%2C1024&amp;ssl=1\" \/>\t\t\t\t\t\t\t\t\t\t\t\t\t\t\t<\/div>\n\t\t\t\t<\/div>\n\t\t\t\t\t<\/div>\n\t\t<\/div>\n\t\t\t\t<div class=\"elementor-column elementor-col-66 elementor-top-column elementor-element elementor-element-2f74d80\" data-id=\"2f74d80\" data-element_type=\"column\" data-e-type=\"column\">\n\t\t\t<div class=\"elementor-widget-wrap elementor-element-populated\">\n\t\t\t\t\t\t<div class=\"elementor-element elementor-element-34f1abe elementor-widget__width-initial elementor-widget elementor-widget-text-editor\" data-id=\"34f1abe\" data-element_type=\"widget\" data-e-type=\"widget\" data-widget_type=\"text-editor.default\">\n\t\t\t\t<div class=\"elementor-widget-container\">\n\t\t\t\t\t\t\t\t\t<p><strong>Name<br><\/strong>Cedric \u201eFloppy\u201c Khazendar<\/p>\n<p><strong>Aufgabe<br><\/strong>Ohne Winde kein Flugbetrieb. Deshalb sorgt der KFZ-B\u00fcffel unter der Saison f\u00fcr Reparaturen an der von uns gebauten Winde, die w\u00e4hrend des Betriebs entstehen. <span style=\"mso-spacerun: yes;\">&nbsp;<\/span>Im Winter k\u00fcmmert er sich um die Wartung der wichtigsten Teile, macht \u00d6lwechsel und macht sie sicher f\u00fcr die neue Saison. Au\u00dferdem ist er f\u00fcr die Instandhaltung und Wartung aller anderen Fahrzeuge der Akaflieg zust\u00e4ndig.<\/p>\n<p><style>@font-face<br \/>\t{font-family:\"Cambria Math\";<br \/>\tpanose-1:2 4 5 3 5 4 6 3 2 4;<br \/>\tmso-font-charset:0;<br \/>\tmso-generic-font-family:roman;<br \/>\tmso-font-pitch:variable;<br \/>\tmso-font-signature:-536870145 1107305727 0 0 415 0;}@font-face<br \/>\t{font-family:Aptos;<br \/>\tpanose-1:2 11 0 4 2 2 2 2 2 4;<br \/>\tmso-font-charset:0;<br \/>\tmso-generic-font-family:swiss;<br \/>\tmso-font-pitch:variable;<br \/>\tmso-font-signature:536871559 3 0 0 415 0;}p.MsoNormal, li.MsoNormal, div.MsoNormal<br \/>\t{mso-style-unhide:no;<br \/>\tmso-style-qformat:yes;<br \/>\tmso-style-parent:\"\";<br \/>\tmargin-top:0cm;<br \/>\tmargin-right:0cm;<br \/>\tmargin-bottom:8.0pt;<br \/>\tmargin-left:0cm;<br \/>\tline-height:107%;<br \/>\tmso-pagination:widow-orphan;<br \/>\tfont-size:11.0pt;<br \/>\tfont-family:\"Aptos\",sans-serif;<br \/>\tmso-ascii-font-family:Aptos;<br \/>\tmso-ascii-theme-font:minor-latin;<br \/>\tmso-fareast-font-family:Aptos;<br \/>\tmso-fareast-theme-font:minor-latin;<br \/>\tmso-hansi-font-family:Aptos;<br \/>\tmso-hansi-theme-font:minor-latin;<br \/>\tmso-bidi-font-family:\"Times New Roman\";<br \/>\tmso-bidi-theme-font:minor-bidi;<br \/>\tmso-font-kerning:1.0pt;<br \/>\tmso-ligatures:standardcontextual;<br \/>\tmso-fareast-language:EN-US;}.MsoChpDefault<br \/>\t{mso-style-type:export-only;<br \/>\tmso-default-props:yes;<br \/>\tfont-size:11.0pt;<br \/>\tmso-ansi-font-size:11.0pt;<br \/>\tmso-bidi-font-size:11.0pt;<br \/>\tfont-family:\"Aptos\",sans-serif;<br \/>\tmso-ascii-font-family:Aptos;<br \/>\tmso-ascii-theme-font:minor-latin;<br \/>\tmso-fareast-font-family:Aptos;<br \/>\tmso-fareast-theme-font:minor-latin;<br \/>\tmso-hansi-font-family:Aptos;<br \/>\tmso-hansi-theme-font:minor-latin;<br \/>\tmso-bidi-font-family:\"Times New Roman\";<br \/>\tmso-bidi-theme-font:minor-bidi;<br \/>\tmso-fareast-language:EN-US;}.MsoPapDefault<br \/>\t{mso-style-type:export-only;<br \/>\tmargin-bottom:8.0pt;<br \/>\tline-height:107%;}div.WordSection1<br \/>\t{page:WordSection1;}<\/style>\n<\/p>\n<p><strong>Kontakt<br><\/strong><a href=\"mailto:winde@akaflieg-muenchen.de\">winde@akaflieg-muenchen.de<\/a><\/p>\t\t\t\t\t\t\t\t<\/div>\n\t\t\t\t<\/div>\n\t\t\t\t\t<\/div>\n\t\t<\/div>\n\t\t\t\t\t<\/div>\n\t\t<\/section>\n\t\t\t\t<section class=\"elementor-section elementor-top-section elementor-element elementor-element-4e675b3 elementor-section-boxed elementor-section-height-default elementor-section-height-default\" data-id=\"4e675b3\" data-element_type=\"section\" data-e-type=\"section\">\n\t\t\t\t\t\t<div class=\"elementor-container elementor-column-gap-default\">\n\t\t\t\t\t<div class=\"elementor-column elementor-col-100 elementor-top-column elementor-element elementor-element-4e838c3\" data-id=\"4e838c3\" data-element_type=\"column\" data-e-type=\"column\">\n\t\t\t<div class=\"elementor-widget-wrap elementor-element-populated\">\n\t\t\t\t\t\t<div class=\"elementor-element elementor-element-7dc3e9d elementor-widget elementor-widget-spacer\" data-id=\"7dc3e9d\" data-element_type=\"widget\" data-e-type=\"widget\" data-widget_type=\"spacer.default\">\n\t\t\t\t<div class=\"elementor-widget-container\">\n\t\t\t\t\t\t\t<div class=\"elementor-spacer\">\n\t\t\t<div class=\"elementor-spacer-inner\"><\/div>\n\t\t<\/div>\n\t\t\t\t\t\t<\/div>\n\t\t\t\t<\/div>\n\t\t\t\t\t<\/div>\n\t\t<\/div>\n\t\t\t\t\t<\/div>\n\t\t<\/section>\n\t\t\t\t<section class=\"elementor-section elementor-top-section elementor-element elementor-element-3d78191 elementor-section-boxed elementor-section-height-default elementor-section-height-default\" data-id=\"3d78191\" data-element_type=\"section\" data-e-type=\"section\">\n\t\t\t\t\t\t<div class=\"elementor-container elementor-column-gap-default\">\n\t\t\t\t\t<div class=\"elementor-column elementor-col-100 elementor-top-column elementor-element elementor-element-51bc0bc\" data-id=\"51bc0bc\" data-element_type=\"column\" data-e-type=\"column\">\n\t\t\t<div class=\"elementor-widget-wrap elementor-element-populated\">\n\t\t\t\t\t\t<div class=\"elementor-element elementor-element-fb363cb elementor-widget elementor-widget-heading\" data-id=\"fb363cb\" data-element_type=\"widget\" data-e-type=\"widget\" data-widget_type=\"heading.default\">\n\t\t\t\t<div class=\"elementor-widget-container\">\n\t\t\t\t\t<h3 class=\"elementor-heading-title elementor-size-default\">Ein paar Fragen an Floppy:<\/h3>\t\t\t\t<\/div>\n\t\t\t\t<\/div>\n\t\t\t\t\t<\/div>\n\t\t<\/div>\n\t\t\t\t\t<\/div>\n\t\t<\/section>\n\t\t\t\t<section class=\"elementor-section elementor-top-section elementor-element elementor-element-446143a elementor-section-boxed elementor-section-height-default elementor-section-height-default\" data-id=\"446143a\" data-element_type=\"section\" data-e-type=\"section\">\n\t\t\t\t\t\t<div class=\"elementor-container elementor-column-gap-default\">\n\t\t\t\t\t<div class=\"elementor-column elementor-col-100 elementor-top-column elementor-element elementor-element-ec0cab8\" data-id=\"ec0cab8\" data-element_type=\"column\" data-e-type=\"column\">\n\t\t\t<div class=\"elementor-widget-wrap elementor-element-populated\">\n\t\t\t\t\t\t<div class=\"elementor-element elementor-element-ef7cac7 elementor-widget elementor-widget-text-editor\" data-id=\"ef7cac7\" data-element_type=\"widget\" data-e-type=\"widget\" data-widget_type=\"text-editor.default\">\n\t\t\t\t<div class=\"elementor-widget-container\">\n\t\t\t\t\t\t\t\t\t<p><span style=\"font-weight: bolder;\">Was ist dein Lieblingsaspekt an der Akaflieg?<br \/><\/span>Das Zusammenspiel aus Herzblut, Tradition, Seriosit\u00e4t und Unsinn. Das sorgt f\u00fcr Abwechslung und immer wieder spannende Herausforderungen.<\/p><p><span style=\"font-weight: bolder;\">Was macht dein Amt interessant?<br \/><\/span>Das Anpacken. Der KFZ-B\u00fcffel ist noch ein waschechter Mechaniker, was heutzutage echt selten geworden ist. Hier gibt es keine<br \/>on-board-diagnostics, hier braucht man keinen Laptop, hier braucht man Ratschen mit langem Hebel, H\u00e4mmer, ein Schwei\u00dfger\u00e4t, die Flex und hin und wieder auch mal einiges an Muskelkraft.<\/p><p><span style=\"font-weight: bolder;\">Was ist dein wichtigstes Ziel f\u00fcr das kommende Jahr?<br \/><\/span>Nachdem unsere jetzige Winde nicht mehr prim\u00e4r f\u00fcr den Betrieb verwendet wird, bedarf diese auch nicht mehr so viel Aufmerksamkeit wie in der Vergangenheit.\u00a0Daher haben wir das Windenb\u00fcffel-Amt ausgeweitet auf alle Fahrzeuge der Akaflieg. Das bedeutet eine gr\u00f6\u00dfere Vielfalt an Aufgaben und Herausforderungen, wobei hier das Augenmerk im kommenden Jahr auf der Instandhaltung liegt.<\/p>\t\t\t\t\t\t\t\t<\/div>\n\t\t\t\t<\/div>\n\t\t\t\t\t<\/div>\n\t\t<\/div>\n\t\t\t\t\t<\/div>\n\t\t<\/section>\n\t\t\t\t<section class=\"elementor-section elementor-top-section elementor-element elementor-element-602d7f0 elementor-section-boxed elementor-section-height-default elementor-section-height-default\" data-id=\"602d7f0\" data-element_type=\"section\" data-e-type=\"section\">\n\t\t\t\t\t\t<div class=\"elementor-container elementor-column-gap-default\">\n\t\t\t\t\t<div class=\"elementor-column elementor-col-100 elementor-top-column elementor-element elementor-element-6cef4e3\" data-id=\"6cef4e3\" data-element_type=\"column\" data-e-type=\"column\">\n\t\t\t<div class=\"elementor-widget-wrap elementor-element-populated\">\n\t\t\t\t\t\t<div class=\"elementor-element elementor-element-8cacffb elementor-widget elementor-widget-spacer\" data-id=\"8cacffb\" data-element_type=\"widget\" data-e-type=\"widget\" data-widget_type=\"spacer.default\">\n\t\t\t\t<div class=\"elementor-widget-container\">\n\t\t\t\t\t\t\t<div class=\"elementor-spacer\">\n\t\t\t<div class=\"elementor-spacer-inner\"><\/div>\n\t\t<\/div>\n\t\t\t\t\t\t<\/div>\n\t\t\t\t<\/div>\n\t\t\t\t\t<\/div>\n\t\t<\/div>\n\t\t\t\t\t<\/div>\n\t\t<\/section>\n\t\t\t\t<\/div>\n\t\t","protected":false},"excerpt":{"rendered":"<p>NameCedric \u201eFloppy\u201c Khazendar AufgabeOhne Winde kein Flugbetrieb. Deshalb sorgt der KFZ-B\u00fcffel unter der Saison f\u00fcr Reparaturen an der von uns gebauten Winde, die w\u00e4hrend des Betriebs entstehen. &nbsp;Im Winter k\u00fcmmert er sich um die Wartung der wichtigsten Teile, macht \u00d6lwechsel und macht sie sicher f\u00fcr die neue Saison. Au\u00dferdem ist er f\u00fcr die Instandhaltung und &hellip; <\/p>\n<p class=\"link-more\"><a href=\"https:\/\/www.akaflieg.vo.tum.de\/de\/kfzbueffel\/\" class=\"more-link\">Mehr <span class=\"screen-reader-text\">\u00fcber &#8222;KFZ-B\u00fcffel&#8220; <\/span>Lesen<\/a><\/p>\n","protected":false},"author":51,"featured_media":0,"parent":0,"menu_order":0,"comment_status":"closed","ping_status":"closed","template":"","meta":{"inspiro_hide_title":false,"footnotes":""},"class_list":["post-5039","page","type-page","status-publish","hentry"],"jetpack_sharing_enabled":true,"featured_media_urls":[],"_links":{"self":[{"href":"https:\/\/www.akaflieg.vo.tum.de\/de\/wp-json\/wp\/v2\/pages\/5039","targetHints":{"allow":["GET"]}}],"collection":[{"href":"https:\/\/www.akaflieg.vo.tum.de\/de\/wp-json\/wp\/v2\/pages"}],"about":[{"href":"https:\/\/www.akaflieg.vo.tum.de\/de\/wp-json\/wp\/v2\/types\/page"}],"author":[{"embeddable":true,"href":"https:\/\/www.akaflieg.vo.tum.de\/de\/wp-json\/wp\/v2\/users\/51"}],"replies":[{"embeddable":true,"href":"https:\/\/www.akaflieg.vo.tum.de\/de\/wp-json\/wp\/v2\/comments?post=5039"}],"version-history":[{"count":36,"href":"https:\/\/www.akaflieg.vo.tum.de\/de\/wp-json\/wp\/v2\/pages\/5039\/revisions"}],"predecessor-version":[{"id":7868,"href":"https:\/\/www.akaflieg.vo.tum.de\/de\/wp-json\/wp\/v2\/pages\/5039\/revisions\/7868"}],"wp:attachment":[{"href":"https:\/\/www.akaflieg.vo.tum.de\/de\/wp-json\/wp\/v2\/media?parent=5039"}],"curies":[{"name":"wp","href":"https:\/\/api.w.org\/{rel}","templated":true}]}}