{"id":2869,"date":"2019-04-04T14:52:17","date_gmt":"2019-04-04T12:52:17","guid":{"rendered":"http:\/\/www.akaflieg.vo.tum.de\/bugs\/?page_id=2869"},"modified":"2019-07-13T13:24:24","modified_gmt":"2019-07-13T11:24:24","slug":"mue-17-merle","status":"publish","type":"page","link":"https:\/\/www.akaflieg.vo.tum.de\/de\/mue-17-merle\/","title":{"rendered":"M\u00fc 17 &#8222;Merle&#8220; (1938)"},"content":{"rendered":"\t\t<div data-elementor-type=\"wp-post\" data-elementor-id=\"2869\" class=\"elementor elementor-2869\">\n\t\t\t\t\t\t<section class=\"elementor-section elementor-top-section elementor-element elementor-element-cbbe7e6 elementor-section-boxed elementor-section-height-default elementor-section-height-default\" data-id=\"cbbe7e6\" data-element_type=\"section\" data-e-type=\"section\">\n\t\t\t\t\t\t<div class=\"elementor-container elementor-column-gap-default\">\n\t\t\t\t\t<div class=\"elementor-column elementor-col-50 elementor-top-column elementor-element elementor-element-a120b74\" data-id=\"a120b74\" data-element_type=\"column\" data-e-type=\"column\">\n\t\t\t<div class=\"elementor-widget-wrap elementor-element-populated\">\n\t\t\t\t\t\t<div class=\"elementor-element elementor-element-a6af899 elementor-widget elementor-widget-text-editor\" data-id=\"a6af899\" data-element_type=\"widget\" data-e-type=\"widget\" data-widget_type=\"text-editor.default\">\n\t\t\t\t<div class=\"elementor-widget-container\">\n\t\t\t\t\t\t\t\t\t<p>Die M\u00fc 17 \u201eMerle\u201c (auch als \u2018Aerostat\u2019 und \u2018Kleiderb\u00fcgel\u2019 bekannt) ist das \u00e4lteste Akaflieg-Muster, das die Gruppe heute noch fliegt. Sie entstand 1938 aus Anla\u00df eines Konstruktionswettbewerbs, den die ISTUS zum Bau eines Einheits-Segelflugzeuges f\u00fcr die Olympiade 1940 ausgeschrieben hatte. An diesem Wettbewerb beteiligten sich auch die Akafliegs aus Aachen, Berlin und M\u00fcnchen. Es entstanden zwei Prototypen der M\u00fc 17. Beim Bau war auf einfache Flugeigenschaften und unkomplizierte Montierbarkeit geachtet worden. So hatte die M\u00fc 17 schon damals Automatik-Anschl\u00fcsse f\u00fcr Querruder und Bremsklappen.Der zweite Prototyp wurde Anfang Februar 1939 beim Ausscheidungswettbewerb in Rom eingeflogen, kam aber nur auf den zweiten Platz hinter der DFS Olympia-Meise.<\/p>\t\t\t\t\t\t\t\t<\/div>\n\t\t\t\t<\/div>\n\t\t\t\t\t<\/div>\n\t\t<\/div>\n\t\t\t\t<div class=\"elementor-column elementor-col-50 elementor-top-column elementor-element elementor-element-8940dbc\" data-id=\"8940dbc\" data-element_type=\"column\" data-e-type=\"column\">\n\t\t\t<div class=\"elementor-widget-wrap elementor-element-populated\">\n\t\t\t\t\t\t<div class=\"elementor-element elementor-element-37f51ad elementor-widget elementor-widget-image\" data-id=\"37f51ad\" data-element_type=\"widget\" data-e-type=\"widget\" data-widget_type=\"image.default\">\n\t\t\t\t<div class=\"elementor-widget-container\">\n\t\t\t\t\t\t\t\t\t\t\t\t\t\t\t<img fetchpriority=\"high\" decoding=\"async\" data-attachment-id=\"498\" data-permalink=\"https:\/\/www.akaflieg.vo.tum.de\/de\/attachment-mue17p10\/\" data-orig-file=\"https:\/\/i0.wp.com\/www.akaflieg.vo.tum.de\/wp-content\/uploads\/2011\/09\/mue17p10.jpg?fit=441%2C223&amp;ssl=1\" data-orig-size=\"441,223\" data-comments-opened=\"1\" data-image-meta=\"{&quot;aperture&quot;:&quot;0&quot;,&quot;credit&quot;:&quot;&quot;,&quot;camera&quot;:&quot;&quot;,&quot;caption&quot;:&quot;&quot;,&quot;created_timestamp&quot;:&quot;0&quot;,&quot;copyright&quot;:&quot;&quot;,&quot;focal_length&quot;:&quot;0&quot;,&quot;iso&quot;:&quot;0&quot;,&quot;shutter_speed&quot;:&quot;0&quot;,&quot;title&quot;:&quot;&quot;,&quot;orientation&quot;:&quot;0&quot;}\" data-image-title=\"mue17p10\" data-image-description=\"\" data-image-caption=\"&lt;p&gt;M\u00fc17 Merle (1938)&lt;\/p&gt;\n\" data-large-file=\"https:\/\/i0.wp.com\/www.akaflieg.vo.tum.de\/wp-content\/uploads\/2011\/09\/mue17p10.jpg?fit=441%2C223&amp;ssl=1\" width=\"441\" height=\"223\" src=\"https:\/\/i0.wp.com\/www.akaflieg.vo.tum.de\/wp-content\/uploads\/2011\/09\/mue17p10.jpg?fit=441%2C223&amp;ssl=1\" class=\"attachment-full size-full wp-image-498\" alt=\"\" srcset=\"https:\/\/i0.wp.com\/www.akaflieg.vo.tum.de\/wp-content\/uploads\/2011\/09\/mue17p10.jpg?w=441&amp;ssl=1 441w, https:\/\/i0.wp.com\/www.akaflieg.vo.tum.de\/wp-content\/uploads\/2011\/09\/mue17p10.jpg?resize=300%2C152&amp;ssl=1 300w, https:\/\/i0.wp.com\/www.akaflieg.vo.tum.de\/wp-content\/uploads\/2011\/09\/mue17p10.jpg?resize=18%2C9&amp;ssl=1 18w\" sizes=\"100vw\" data-attachment-id=\"498\" data-permalink=\"https:\/\/www.akaflieg.vo.tum.de\/de\/attachment-mue17p10\/\" data-orig-file=\"https:\/\/i0.wp.com\/www.akaflieg.vo.tum.de\/wp-content\/uploads\/2011\/09\/mue17p10.jpg?fit=441%2C223&amp;ssl=1\" data-orig-size=\"441,223\" data-comments-opened=\"1\" data-image-meta=\"{&quot;aperture&quot;:&quot;0&quot;,&quot;credit&quot;:&quot;&quot;,&quot;camera&quot;:&quot;&quot;,&quot;caption&quot;:&quot;&quot;,&quot;created_timestamp&quot;:&quot;0&quot;,&quot;copyright&quot;:&quot;&quot;,&quot;focal_length&quot;:&quot;0&quot;,&quot;iso&quot;:&quot;0&quot;,&quot;shutter_speed&quot;:&quot;0&quot;,&quot;title&quot;:&quot;&quot;,&quot;orientation&quot;:&quot;0&quot;}\" data-image-title=\"mue17p10\" data-image-description=\"\" data-image-caption=\"&lt;p&gt;M\u00fc17 Merle (1938)&lt;\/p&gt;\n\" data-large-file=\"https:\/\/i0.wp.com\/www.akaflieg.vo.tum.de\/wp-content\/uploads\/2011\/09\/mue17p10.jpg?fit=441%2C223&amp;ssl=1\" \/>\t\t\t\t\t\t\t\t\t\t\t\t\t\t\t<\/div>\n\t\t\t\t<\/div>\n\t\t\t\t\t<\/div>\n\t\t<\/div>\n\t\t\t\t\t<\/div>\n\t\t<\/section>\n\t\t\t\t<section class=\"elementor-section elementor-top-section elementor-element elementor-element-ed2e16e elementor-section-boxed elementor-section-height-default elementor-section-height-default\" data-id=\"ed2e16e\" data-element_type=\"section\" data-e-type=\"section\">\n\t\t\t\t\t\t<div class=\"elementor-container elementor-column-gap-default\">\n\t\t\t\t\t<div class=\"elementor-column elementor-col-100 elementor-top-column elementor-element elementor-element-26fc43b\" data-id=\"26fc43b\" data-element_type=\"column\" data-e-type=\"column\">\n\t\t\t<div class=\"elementor-widget-wrap elementor-element-populated\">\n\t\t\t\t\t\t<div class=\"elementor-element elementor-element-44f15f0 elementor-widget elementor-widget-text-editor\" data-id=\"44f15f0\" data-element_type=\"widget\" data-e-type=\"widget\" data-widget_type=\"text-editor.default\">\n\t\t\t\t<div class=\"elementor-widget-container\">\n\t\t\t\t\t\t\t\t\t<p>Die \u201eMerle\u201c wurde etwa 60 mal nachgebaut, teilweise sogar mit Einziehfahrwerk. Kein Exemplar \u00fcberstand allerdings den 2.Weltkrieg. Die M\u00fc 17 hat \u00e4u\u00dferst charakteristisch gepfeilte Trapez-Tragfl\u00e4chen mit 15 Metern Spannweite. Ihre besondere St\u00e4rke liegt in ihrer geringen Mindestgeschwindigkeit (45 km\/h) und ihrem geringen Gewicht (158 kp). Die Junge Gruppe fliegt derzeit die M\u00fc17 \u2018Alpha Sierra\u2019 mit dem Kennzeichen D-1740, die 1961 nachgebaut und erstgeflogen wurde. Sie hat eine berechnete Gleitzahl 26 bei 64 km\/h und ein geringstes Sinken von 0,63 m\/s bei 54 km\/h.<\/p>\t\t\t\t\t\t\t\t<\/div>\n\t\t\t\t<\/div>\n\t\t\t\t\t<\/div>\n\t\t<\/div>\n\t\t\t\t\t<\/div>\n\t\t<\/section>\n\t\t\t\t<section class=\"elementor-section elementor-top-section elementor-element elementor-element-1954645 elementor-section-boxed elementor-section-height-default elementor-section-height-default\" data-id=\"1954645\" data-element_type=\"section\" data-e-type=\"section\">\n\t\t\t\t\t\t<div class=\"elementor-container elementor-column-gap-default\">\n\t\t\t\t\t<div class=\"elementor-column elementor-col-33 elementor-top-column elementor-element elementor-element-9ef53e9\" data-id=\"9ef53e9\" data-element_type=\"column\" data-e-type=\"column\">\n\t\t\t<div class=\"elementor-widget-wrap elementor-element-populated\">\n\t\t\t\t\t\t<div class=\"elementor-element elementor-element-6d0019b elementor-widget elementor-widget-image\" data-id=\"6d0019b\" data-element_type=\"widget\" data-e-type=\"widget\" data-widget_type=\"image.default\">\n\t\t\t\t<div class=\"elementor-widget-container\">\n\t\t\t\t\t\t\t\t\t\t\t\t\t\t\t<img decoding=\"async\" data-attachment-id=\"496\" data-permalink=\"https:\/\/www.akaflieg.vo.tum.de\/de\/attachment-mue17p11\/\" data-orig-file=\"https:\/\/i0.wp.com\/www.akaflieg.vo.tum.de\/wp-content\/uploads\/2011\/09\/mue17p11.gif?fit=379%2C220&amp;ssl=1\" data-orig-size=\"379,220\" data-comments-opened=\"1\" data-image-meta=\"{&quot;aperture&quot;:&quot;0&quot;,&quot;credit&quot;:&quot;&quot;,&quot;camera&quot;:&quot;&quot;,&quot;caption&quot;:&quot;&quot;,&quot;created_timestamp&quot;:&quot;0&quot;,&quot;copyright&quot;:&quot;&quot;,&quot;focal_length&quot;:&quot;0&quot;,&quot;iso&quot;:&quot;0&quot;,&quot;shutter_speed&quot;:&quot;0&quot;,&quot;title&quot;:&quot;&quot;,&quot;orientation&quot;:&quot;0&quot;}\" data-image-title=\"mue17p11\" data-image-description=\"\" data-image-caption=\"\" data-large-file=\"https:\/\/i0.wp.com\/www.akaflieg.vo.tum.de\/wp-content\/uploads\/2011\/09\/mue17p11.gif?fit=379%2C220&amp;ssl=1\" width=\"379\" height=\"220\" src=\"https:\/\/i0.wp.com\/www.akaflieg.vo.tum.de\/wp-content\/uploads\/2011\/09\/mue17p11.gif?fit=379%2C220&amp;ssl=1\" class=\"attachment-large size-large wp-image-496\" alt=\"\" sizes=\"100vw\" data-attachment-id=\"496\" data-permalink=\"https:\/\/www.akaflieg.vo.tum.de\/de\/attachment-mue17p11\/\" data-orig-file=\"https:\/\/i0.wp.com\/www.akaflieg.vo.tum.de\/wp-content\/uploads\/2011\/09\/mue17p11.gif?fit=379%2C220&amp;ssl=1\" data-orig-size=\"379,220\" data-comments-opened=\"1\" data-image-meta=\"{&quot;aperture&quot;:&quot;0&quot;,&quot;credit&quot;:&quot;&quot;,&quot;camera&quot;:&quot;&quot;,&quot;caption&quot;:&quot;&quot;,&quot;created_timestamp&quot;:&quot;0&quot;,&quot;copyright&quot;:&quot;&quot;,&quot;focal_length&quot;:&quot;0&quot;,&quot;iso&quot;:&quot;0&quot;,&quot;shutter_speed&quot;:&quot;0&quot;,&quot;title&quot;:&quot;&quot;,&quot;orientation&quot;:&quot;0&quot;}\" data-image-title=\"mue17p11\" data-image-description=\"\" data-image-caption=\"\" data-large-file=\"https:\/\/i0.wp.com\/www.akaflieg.vo.tum.de\/wp-content\/uploads\/2011\/09\/mue17p11.gif?fit=379%2C220&amp;ssl=1\" \/>\t\t\t\t\t\t\t\t\t\t\t\t\t\t\t<\/div>\n\t\t\t\t<\/div>\n\t\t\t\t\t<\/div>\n\t\t<\/div>\n\t\t\t\t<div class=\"elementor-column elementor-col-33 elementor-top-column elementor-element elementor-element-9b5f005\" data-id=\"9b5f005\" data-element_type=\"column\" data-e-type=\"column\">\n\t\t\t<div class=\"elementor-widget-wrap elementor-element-populated\">\n\t\t\t\t\t\t<div class=\"elementor-element elementor-element-94d798e elementor-widget elementor-widget-image\" data-id=\"94d798e\" data-element_type=\"widget\" data-e-type=\"widget\" data-widget_type=\"image.default\">\n\t\t\t\t<div class=\"elementor-widget-container\">\n\t\t\t\t\t\t\t\t\t\t\t\t\t\t\t<img decoding=\"async\" data-attachment-id=\"495\" data-permalink=\"https:\/\/www.akaflieg.vo.tum.de\/de\/attachment-mue17p14\/\" data-orig-file=\"https:\/\/i0.wp.com\/www.akaflieg.vo.tum.de\/wp-content\/uploads\/2011\/09\/mue17p14.gif?fit=324%2C223&amp;ssl=1\" data-orig-size=\"324,223\" data-comments-opened=\"1\" data-image-meta=\"{&quot;aperture&quot;:&quot;0&quot;,&quot;credit&quot;:&quot;&quot;,&quot;camera&quot;:&quot;&quot;,&quot;caption&quot;:&quot;&quot;,&quot;created_timestamp&quot;:&quot;0&quot;,&quot;copyright&quot;:&quot;&quot;,&quot;focal_length&quot;:&quot;0&quot;,&quot;iso&quot;:&quot;0&quot;,&quot;shutter_speed&quot;:&quot;0&quot;,&quot;title&quot;:&quot;&quot;,&quot;orientation&quot;:&quot;0&quot;}\" data-image-title=\"mue17p14\" data-image-description=\"\" data-image-caption=\"\" data-large-file=\"https:\/\/i0.wp.com\/www.akaflieg.vo.tum.de\/wp-content\/uploads\/2011\/09\/mue17p14.gif?fit=324%2C223&amp;ssl=1\" width=\"324\" height=\"223\" src=\"https:\/\/i0.wp.com\/www.akaflieg.vo.tum.de\/wp-content\/uploads\/2011\/09\/mue17p14.gif?fit=324%2C223&amp;ssl=1\" class=\"attachment-large size-large wp-image-495\" alt=\"\" sizes=\"100vw\" data-attachment-id=\"495\" data-permalink=\"https:\/\/www.akaflieg.vo.tum.de\/de\/attachment-mue17p14\/\" data-orig-file=\"https:\/\/i0.wp.com\/www.akaflieg.vo.tum.de\/wp-content\/uploads\/2011\/09\/mue17p14.gif?fit=324%2C223&amp;ssl=1\" data-orig-size=\"324,223\" data-comments-opened=\"1\" data-image-meta=\"{&quot;aperture&quot;:&quot;0&quot;,&quot;credit&quot;:&quot;&quot;,&quot;camera&quot;:&quot;&quot;,&quot;caption&quot;:&quot;&quot;,&quot;created_timestamp&quot;:&quot;0&quot;,&quot;copyright&quot;:&quot;&quot;,&quot;focal_length&quot;:&quot;0&quot;,&quot;iso&quot;:&quot;0&quot;,&quot;shutter_speed&quot;:&quot;0&quot;,&quot;title&quot;:&quot;&quot;,&quot;orientation&quot;:&quot;0&quot;}\" data-image-title=\"mue17p14\" data-image-description=\"\" data-image-caption=\"\" data-large-file=\"https:\/\/i0.wp.com\/www.akaflieg.vo.tum.de\/wp-content\/uploads\/2011\/09\/mue17p14.gif?fit=324%2C223&amp;ssl=1\" \/>\t\t\t\t\t\t\t\t\t\t\t\t\t\t\t<\/div>\n\t\t\t\t<\/div>\n\t\t\t\t\t<\/div>\n\t\t<\/div>\n\t\t\t\t<div class=\"elementor-column elementor-col-33 elementor-top-column elementor-element elementor-element-259996a\" data-id=\"259996a\" data-element_type=\"column\" data-e-type=\"column\">\n\t\t\t<div class=\"elementor-widget-wrap elementor-element-populated\">\n\t\t\t\t\t\t<div class=\"elementor-element elementor-element-6995174 elementor-widget elementor-widget-image\" data-id=\"6995174\" data-element_type=\"widget\" data-e-type=\"widget\" data-widget_type=\"image.default\">\n\t\t\t\t<div class=\"elementor-widget-container\">\n\t\t\t\t\t\t\t\t\t\t\t\t\t\t\t<img loading=\"lazy\" decoding=\"async\" data-attachment-id=\"497\" data-permalink=\"https:\/\/www.akaflieg.vo.tum.de\/de\/attachment-mue17-cockpit-gross\/\" data-orig-file=\"https:\/\/i0.wp.com\/www.akaflieg.vo.tum.de\/wp-content\/uploads\/2011\/09\/Mue17%20Cockpit%20gross.jpg?fit=885%2C585&amp;ssl=1\" data-orig-size=\"885,585\" data-comments-opened=\"1\" data-image-meta=\"{&quot;aperture&quot;:&quot;0&quot;,&quot;credit&quot;:&quot;&quot;,&quot;camera&quot;:&quot;&quot;,&quot;caption&quot;:&quot;&quot;,&quot;created_timestamp&quot;:&quot;0&quot;,&quot;copyright&quot;:&quot;&quot;,&quot;focal_length&quot;:&quot;0&quot;,&quot;iso&quot;:&quot;0&quot;,&quot;shutter_speed&quot;:&quot;0&quot;,&quot;title&quot;:&quot;&quot;,&quot;orientation&quot;:&quot;0&quot;}\" data-image-title=\"Mue17 Cockpit gross\" data-image-description=\"\" data-image-caption=\"\" data-large-file=\"https:\/\/i0.wp.com\/www.akaflieg.vo.tum.de\/wp-content\/uploads\/2011\/09\/Mue17%20Cockpit%20gross.jpg?fit=885%2C585&amp;ssl=1\" width=\"885\" height=\"585\" src=\"https:\/\/i0.wp.com\/www.akaflieg.vo.tum.de\/wp-content\/uploads\/2011\/09\/Mue17%20Cockpit%20gross.jpg?fit=885%2C585&amp;ssl=1\" class=\"attachment-full size-full wp-image-497\" alt=\"\" sizes=\"100vw\" data-attachment-id=\"497\" data-permalink=\"https:\/\/www.akaflieg.vo.tum.de\/de\/attachment-mue17-cockpit-gross\/\" data-orig-file=\"https:\/\/i0.wp.com\/www.akaflieg.vo.tum.de\/wp-content\/uploads\/2011\/09\/Mue17%20Cockpit%20gross.jpg?fit=885%2C585&amp;ssl=1\" data-orig-size=\"885,585\" data-comments-opened=\"1\" data-image-meta=\"{&quot;aperture&quot;:&quot;0&quot;,&quot;credit&quot;:&quot;&quot;,&quot;camera&quot;:&quot;&quot;,&quot;caption&quot;:&quot;&quot;,&quot;created_timestamp&quot;:&quot;0&quot;,&quot;copyright&quot;:&quot;&quot;,&quot;focal_length&quot;:&quot;0&quot;,&quot;iso&quot;:&quot;0&quot;,&quot;shutter_speed&quot;:&quot;0&quot;,&quot;title&quot;:&quot;&quot;,&quot;orientation&quot;:&quot;0&quot;}\" data-image-title=\"Mue17 Cockpit gross\" data-image-description=\"\" data-image-caption=\"\" data-large-file=\"https:\/\/i0.wp.com\/www.akaflieg.vo.tum.de\/wp-content\/uploads\/2011\/09\/Mue17%20Cockpit%20gross.jpg?fit=885%2C585&amp;ssl=1\" \/>\t\t\t\t\t\t\t\t\t\t\t\t\t\t\t<\/div>\n\t\t\t\t<\/div>\n\t\t\t\t\t<\/div>\n\t\t<\/div>\n\t\t\t\t\t<\/div>\n\t\t<\/section>\n\t\t\t\t<section class=\"elementor-section elementor-top-section elementor-element elementor-element-39c8c11 elementor-section-boxed elementor-section-height-default elementor-section-height-default\" data-id=\"39c8c11\" data-element_type=\"section\" data-e-type=\"section\">\n\t\t\t\t\t\t<div class=\"elementor-container elementor-column-gap-default\">\n\t\t\t\t\t<div class=\"elementor-column elementor-col-100 elementor-top-column elementor-element elementor-element-2505113\" data-id=\"2505113\" data-element_type=\"column\" data-e-type=\"column\">\n\t\t\t<div class=\"elementor-widget-wrap elementor-element-populated\">\n\t\t\t\t\t\t<div class=\"elementor-element elementor-element-16f93a0 elementor-widget elementor-widget-text-editor\" data-id=\"16f93a0\" data-element_type=\"widget\" data-e-type=\"widget\" data-widget_type=\"text-editor.default\">\n\t\t\t\t<div class=\"elementor-widget-container\">\n\t\t\t\t\t\t\t\t\t<table class=\"wp-block-table\">\n<tbody>\n<tr>\n<td style=\"text-align: center;\">Spannweite<\/td>\n<td style=\"text-align: center;\">15 m<\/td>\n<\/tr>\n<tr>\n<td style=\"text-align: center;\">Fl\u00fcgelfl\u00e4che<\/td>\n<td style=\"text-align: center;\">13,3 m\u00b2<\/td>\n<\/tr>\n<tr>\n<td style=\"text-align: center;\">Streckung<\/td>\n<td style=\"text-align: center;\">16,9<\/td>\n<\/tr>\n<tr>\n<td style=\"text-align: center;\">Fl\u00e4chenbelastung<\/td>\n<td style=\"text-align: center;\">22,6 km\/m\u00b2<\/td>\n<\/tr>\n<tr>\n<td style=\"text-align: center;\">Profil<\/td>\n<td style=\"text-align: center;\">M\u00fc<\/td>\n<\/tr>\n<tr>\n<td style=\"text-align: center;\">R\u00fcstgewicht<\/td>\n<td style=\"text-align: center;\">157,7 kp<\/td>\n<\/tr>\n<tr>\n<td style=\"text-align: center;\">Fluggewicht<\/td>\n<td style=\"text-align: center;\">300 kp<\/td>\n<\/tr>\n<tr>\n<td style=\"text-align: center;\">Sinkgeschwindigkeit<\/td>\n<td style=\"text-align: center;\">0,64 m\/s (bei 58 km\/h)<\/td>\n<\/tr>\n<\/tbody>\n<\/table>\n<!-- \/wp:table -->\t\t\t\t\t\t\t\t<\/div>\n\t\t\t\t<\/div>\n\t\t\t\t<div class=\"elementor-element elementor-element-13d2b2c elementor-widget elementor-widget-image\" data-id=\"13d2b2c\" data-element_type=\"widget\" data-e-type=\"widget\" data-widget_type=\"image.default\">\n\t\t\t\t<div class=\"elementor-widget-container\">\n\t\t\t\t\t\t\t\t\t\t\t\t\t\t\t<img loading=\"lazy\" decoding=\"async\" data-attachment-id=\"499\" data-permalink=\"https:\/\/www.akaflieg.vo.tum.de\/de\/attachment-mue17-dsr\/\" data-orig-file=\"https:\/\/i0.wp.com\/www.akaflieg.vo.tum.de\/wp-content\/uploads\/2011\/09\/Mue17-dsr.gif?fit=547%2C387&amp;ssl=1\" data-orig-size=\"547,387\" data-comments-opened=\"1\" data-image-meta=\"{&quot;aperture&quot;:&quot;0&quot;,&quot;credit&quot;:&quot;&quot;,&quot;camera&quot;:&quot;&quot;,&quot;caption&quot;:&quot;&quot;,&quot;created_timestamp&quot;:&quot;0&quot;,&quot;copyright&quot;:&quot;&quot;,&quot;focal_length&quot;:&quot;0&quot;,&quot;iso&quot;:&quot;0&quot;,&quot;shutter_speed&quot;:&quot;0&quot;,&quot;title&quot;:&quot;&quot;,&quot;orientation&quot;:&quot;0&quot;}\" data-image-title=\"Mue17-dsr\" data-image-description=\"\" data-image-caption=\"\" data-large-file=\"https:\/\/i0.wp.com\/www.akaflieg.vo.tum.de\/wp-content\/uploads\/2011\/09\/Mue17-dsr.gif?fit=547%2C387&amp;ssl=1\" width=\"547\" height=\"387\" src=\"https:\/\/i0.wp.com\/www.akaflieg.vo.tum.de\/wp-content\/uploads\/2011\/09\/Mue17-dsr.gif?fit=547%2C387&amp;ssl=1\" class=\"attachment-large size-large wp-image-499\" alt=\"\" sizes=\"100vw\" data-attachment-id=\"499\" data-permalink=\"https:\/\/www.akaflieg.vo.tum.de\/de\/attachment-mue17-dsr\/\" data-orig-file=\"https:\/\/i0.wp.com\/www.akaflieg.vo.tum.de\/wp-content\/uploads\/2011\/09\/Mue17-dsr.gif?fit=547%2C387&amp;ssl=1\" data-orig-size=\"547,387\" data-comments-opened=\"1\" data-image-meta=\"{&quot;aperture&quot;:&quot;0&quot;,&quot;credit&quot;:&quot;&quot;,&quot;camera&quot;:&quot;&quot;,&quot;caption&quot;:&quot;&quot;,&quot;created_timestamp&quot;:&quot;0&quot;,&quot;copyright&quot;:&quot;&quot;,&quot;focal_length&quot;:&quot;0&quot;,&quot;iso&quot;:&quot;0&quot;,&quot;shutter_speed&quot;:&quot;0&quot;,&quot;title&quot;:&quot;&quot;,&quot;orientation&quot;:&quot;0&quot;}\" data-image-title=\"Mue17-dsr\" data-image-description=\"\" data-image-caption=\"\" data-large-file=\"https:\/\/i0.wp.com\/www.akaflieg.vo.tum.de\/wp-content\/uploads\/2011\/09\/Mue17-dsr.gif?fit=547%2C387&amp;ssl=1\" \/>\t\t\t\t\t\t\t\t\t\t\t\t\t\t\t<\/div>\n\t\t\t\t<\/div>\n\t\t\t\t\t<\/div>\n\t\t<\/div>\n\t\t\t\t\t<\/div>\n\t\t<\/section>\n\t\t\t\t<\/div>\n\t\t","protected":false},"excerpt":{"rendered":"<p>Die M\u00fc 17 \u201eMerle\u201c (auch als \u2018Aerostat\u2019 und \u2018Kleiderb\u00fcgel\u2019 bekannt) ist das \u00e4lteste Akaflieg-Muster, das die Gruppe heute noch fliegt. Sie entstand 1938 aus Anla\u00df eines Konstruktionswettbewerbs, den die ISTUS zum Bau eines Einheits-Segelflugzeuges f\u00fcr die Olympiade 1940 ausgeschrieben hatte. An diesem Wettbewerb beteiligten sich auch die Akafliegs aus Aachen, Berlin und M\u00fcnchen. Es entstanden &hellip; <\/p>\n<p class=\"link-more\"><a href=\"https:\/\/www.akaflieg.vo.tum.de\/de\/mue-17-merle\/\" class=\"more-link\">Mehr <span class=\"screen-reader-text\">\u00fcber &#8222;M\u00fc 17 &#8222;Merle&#8220; (1938)&#8220; <\/span>Lesen<\/a><\/p>\n","protected":false},"author":4,"featured_media":0,"parent":0,"menu_order":0,"comment_status":"closed","ping_status":"closed","template":"","meta":{"inspiro_hide_title":false,"footnotes":""},"class_list":["post-2869","page","type-page","status-publish","hentry"],"jetpack_sharing_enabled":true,"featured_media_urls":[],"_links":{"self":[{"href":"https:\/\/www.akaflieg.vo.tum.de\/de\/wp-json\/wp\/v2\/pages\/2869","targetHints":{"allow":["GET"]}}],"collection":[{"href":"https:\/\/www.akaflieg.vo.tum.de\/de\/wp-json\/wp\/v2\/pages"}],"about":[{"href":"https:\/\/www.akaflieg.vo.tum.de\/de\/wp-json\/wp\/v2\/types\/page"}],"author":[{"embeddable":true,"href":"https:\/\/www.akaflieg.vo.tum.de\/de\/wp-json\/wp\/v2\/users\/4"}],"replies":[{"embeddable":true,"href":"https:\/\/www.akaflieg.vo.tum.de\/de\/wp-json\/wp\/v2\/comments?post=2869"}],"version-history":[{"count":6,"href":"https:\/\/www.akaflieg.vo.tum.de\/de\/wp-json\/wp\/v2\/pages\/2869\/revisions"}],"predecessor-version":[{"id":3435,"href":"https:\/\/www.akaflieg.vo.tum.de\/de\/wp-json\/wp\/v2\/pages\/2869\/revisions\/3435"}],"wp:attachment":[{"href":"https:\/\/www.akaflieg.vo.tum.de\/de\/wp-json\/wp\/v2\/media?parent=2869"}],"curies":[{"name":"wp","href":"https:\/\/api.w.org\/{rel}","templated":true}]}}