{"id":2449,"date":"2019-03-31T16:00:04","date_gmt":"2019-03-31T14:00:04","guid":{"rendered":"http:\/\/www.akaflieg.vo.tum.de\/bugs\/?page_id=2449"},"modified":"2025-05-28T17:21:11","modified_gmt":"2025-05-28T15:21:11","slug":"dm-1","status":"publish","type":"page","link":"https:\/\/www.akaflieg.vo.tum.de\/de\/dm-1\/","title":{"rendered":"DM-1 (1945)"},"content":{"rendered":"\t\t<div data-elementor-type=\"wp-post\" data-elementor-id=\"2449\" class=\"elementor elementor-2449\">\n\t\t\t\t\t\t<section class=\"elementor-section elementor-top-section elementor-element elementor-element-a2ede64 elementor-section-boxed elementor-section-height-default elementor-section-height-default\" data-id=\"a2ede64\" data-element_type=\"section\" data-e-type=\"section\">\n\t\t\t\t\t\t<div class=\"elementor-container elementor-column-gap-default\">\n\t\t\t\t\t<div class=\"elementor-column elementor-col-66 elementor-top-column elementor-element elementor-element-67610f1\" data-id=\"67610f1\" data-element_type=\"column\" data-e-type=\"column\">\n\t\t\t<div class=\"elementor-widget-wrap elementor-element-populated\">\n\t\t\t\t\t\t<div class=\"elementor-element elementor-element-45b5e9d elementor-widget elementor-widget-text-editor\" data-id=\"45b5e9d\" data-element_type=\"widget\" data-e-type=\"widget\" data-widget_type=\"text-editor.default\">\n\t\t\t\t<div class=\"elementor-widget-container\">\n\t\t\t\t\t\t\t\t\t<p>Die DM-Serie (geplant in Versionen von 1 bis 4) war ein Gemeinschaftsprojekt der Akaflieg Darmstadt und M\u00fcnchen. Sie ist eines der spannendsten Projekte der Akaflieg. Bei der Planung der DM-Serie wurden Grenzen \u00fcberschritten, die den Entwicklungsm\u00f6glichkeiten einer Akaflieg und der Luftfahrt allgemein gesetzt waren. So hatte beispielsweise die DM4 eine geplante Fl\u00e4che von 70m\u00b2 und sollte Geschwindigkeiten von mehr als 10.000 km\/h erreichen. (Diese Werte sind heute unrealistisch, erschienen damals aber als durchaus erreichbar.)<\/p>\t\t\t\t\t\t\t\t<\/div>\n\t\t\t\t<\/div>\n\t\t\t\t\t<\/div>\n\t\t<\/div>\n\t\t\t\t<div class=\"elementor-column elementor-col-33 elementor-top-column elementor-element elementor-element-0ef812b\" data-id=\"0ef812b\" data-element_type=\"column\" data-e-type=\"column\">\n\t\t\t<div class=\"elementor-widget-wrap elementor-element-populated\">\n\t\t\t\t\t\t<div class=\"elementor-element elementor-element-fcf2a4e elementor-widget elementor-widget-image\" data-id=\"fcf2a4e\" data-element_type=\"widget\" data-e-type=\"widget\" data-widget_type=\"image.default\">\n\t\t\t\t<div class=\"elementor-widget-container\">\n\t\t\t\t\t\t\t\t\t\t\t\t\t\t\t<img decoding=\"async\" data-attachment-id=\"2455\" data-permalink=\"https:\/\/www.akaflieg.vo.tum.de\/de\/dm1_1\/\" data-orig-file=\"https:\/\/i0.wp.com\/www.akaflieg.vo.tum.de\/wp-content\/uploads\/2019\/03\/dm1_1.jpg?fit=200%2C136&amp;ssl=1\" data-orig-size=\"200,136\" data-comments-opened=\"1\" data-image-meta=\"{&quot;aperture&quot;:&quot;0&quot;,&quot;credit&quot;:&quot;&quot;,&quot;camera&quot;:&quot;&quot;,&quot;caption&quot;:&quot;&quot;,&quot;created_timestamp&quot;:&quot;0&quot;,&quot;copyright&quot;:&quot;&quot;,&quot;focal_length&quot;:&quot;0&quot;,&quot;iso&quot;:&quot;0&quot;,&quot;shutter_speed&quot;:&quot;0&quot;,&quot;title&quot;:&quot;&quot;,&quot;orientation&quot;:&quot;0&quot;}\" data-image-title=\"dm1_1\" data-image-description=\"\" data-image-caption=\"&lt;p&gt;DM1&lt;\/p&gt;\n\" data-large-file=\"https:\/\/i0.wp.com\/www.akaflieg.vo.tum.de\/wp-content\/uploads\/2019\/03\/dm1_1.jpg?fit=200%2C136&amp;ssl=1\" width=\"200\" height=\"136\" src=\"https:\/\/i0.wp.com\/www.akaflieg.vo.tum.de\/wp-content\/uploads\/2019\/03\/dm1_1.jpg?fit=200%2C136&amp;ssl=1\" class=\"attachment-large size-large wp-image-2455\" alt=\"\" srcset=\"https:\/\/i0.wp.com\/www.akaflieg.vo.tum.de\/wp-content\/uploads\/2019\/03\/dm1_1.jpg?w=200&amp;ssl=1 200w, https:\/\/i0.wp.com\/www.akaflieg.vo.tum.de\/wp-content\/uploads\/2019\/03\/dm1_1.jpg?resize=18%2C12&amp;ssl=1 18w\" sizes=\"100vw\" data-attachment-id=\"2455\" data-permalink=\"https:\/\/www.akaflieg.vo.tum.de\/de\/dm1_1\/\" data-orig-file=\"https:\/\/i0.wp.com\/www.akaflieg.vo.tum.de\/wp-content\/uploads\/2019\/03\/dm1_1.jpg?fit=200%2C136&amp;ssl=1\" data-orig-size=\"200,136\" data-comments-opened=\"1\" data-image-meta=\"{&quot;aperture&quot;:&quot;0&quot;,&quot;credit&quot;:&quot;&quot;,&quot;camera&quot;:&quot;&quot;,&quot;caption&quot;:&quot;&quot;,&quot;created_timestamp&quot;:&quot;0&quot;,&quot;copyright&quot;:&quot;&quot;,&quot;focal_length&quot;:&quot;0&quot;,&quot;iso&quot;:&quot;0&quot;,&quot;shutter_speed&quot;:&quot;0&quot;,&quot;title&quot;:&quot;&quot;,&quot;orientation&quot;:&quot;0&quot;}\" data-image-title=\"dm1_1\" data-image-description=\"\" data-image-caption=\"&lt;p&gt;DM1&lt;\/p&gt;\n\" data-large-file=\"https:\/\/i0.wp.com\/www.akaflieg.vo.tum.de\/wp-content\/uploads\/2019\/03\/dm1_1.jpg?fit=200%2C136&amp;ssl=1\" \/>\t\t\t\t\t\t\t\t\t\t\t\t\t\t\t<\/div>\n\t\t\t\t<\/div>\n\t\t\t\t\t<\/div>\n\t\t<\/div>\n\t\t\t\t\t<\/div>\n\t\t<\/section>\n\t\t\t\t<section class=\"elementor-section elementor-top-section elementor-element elementor-element-f1f9875 elementor-section-boxed elementor-section-height-default elementor-section-height-default\" data-id=\"f1f9875\" data-element_type=\"section\" data-e-type=\"section\">\n\t\t\t\t\t\t<div class=\"elementor-container elementor-column-gap-default\">\n\t\t\t\t\t<div class=\"elementor-column elementor-col-100 elementor-top-column elementor-element elementor-element-1e43c0e\" data-id=\"1e43c0e\" data-element_type=\"column\" data-e-type=\"column\">\n\t\t\t<div class=\"elementor-widget-wrap elementor-element-populated\">\n\t\t\t\t\t\t<div class=\"elementor-element elementor-element-1e2497e elementor-widget elementor-widget-text-editor\" data-id=\"1e2497e\" data-element_type=\"widget\" data-e-type=\"widget\" data-widget_type=\"text-editor.default\">\n\t\t\t\t<div class=\"elementor-widget-container\">\n\t\t\t\t\t\t\t\t\t<p>F\u00fcr das \u00dcberschallj\u00e4ger-Projekt P13a des Konstrukteurs Dr. Alexander Lippisch sollte die Akaflieg Darmstadt ein triebwerkloses 1:1-Modell bauen. Als die Werkstatt der Akaflieg Darmstadt im September 1944 ausgebombt wurde, zog die Gruppe samt Projekt D33 in die Werkstatt der Akaflieg M\u00fcnchen in Prien am Chiemsee um und kooperierte mit den M\u00fcnchnern. Aus dem Projekt D33 wurde DM1. Hauptbeteiligte waren die Darmst\u00e4dter Wolfgang Heinemann und Hans Zacher sowie die M\u00fcnchner Klaus Metzner und Hermann Nenninger.<\/p>\n<p>Die antriebslose DM1 war als einsitziges Delta-Versuchsflugzeug aus Holz, Sperrholz und Stahlrohr geplant. Sie sollte im Huckepackschlepp mit Dreipunktfesselung durch eine Motormaschine auf H\u00f6he geschleppt und ausgeklinkt werden, um dann im Bahnneigungsflug hohe Geschwindigkeiten zu erreichen.<\/p>\n<p>Nach dem Einmarsch von US-Truppen in Prien im Mai 1945 wurden die Arbeiten an der DM1 im Auftrag der US-Milit\u00e4rregierung weitergef\u00fchrt. Sogar der Kommandierende General der 7.US-Armee, Patton, und der Atlantik-Flieger Charles Lindbergh besuchten Prien, um das Projekt zu sehen. Anfang November war die DM1 fertiggestellt und wurde von den US-Truppen in einer Holzkiste nach Langley Field im US-Bundesstaat Virginia verschifft. Im dortigen Windkanal untersuchte die NACA (National Advisory Committee for Aeronautics, Vorl\u00e4ufer der heutigen NASA) das Str\u00f6mungsverhalten der DM1. Der Delta-Segler wurde mehrfach umgebaut und diente schlie\u00dflich als Ausgangsmodell sp\u00e4terer US-Deltaprojekte wie der Convair XF-92A.<\/p>\n<p>Als erstes vollst\u00e4ndig gebautes Delta-Flugzeug sollte die DM1 Anfang 1950 im National Air and Space Museum der Smithsonian Institution in Washington, D.C. ausgestellt werden. Die DM-1 kann heute (Stand 2012) im <a href=\"https:\/\/airandspace.si.edu\/visit\/udvar-hazy-center\" target=\"_blank\">Steven F. Udvar-Hazy Center<\/a> in der N\u00e4he von&nbsp;Washington D.C.&nbsp;besichtigt werden.<\/p>\n<p><strong>Technische Daten der DM-Serie (geplant):<\/strong><\/p>\n<table class=\"wp-block-table\">\n<tbody>\n<tr>\n<td style=\"text-align: center;\">&nbsp;<\/td>\n<td style=\"text-align: center;\"><strong>DM-1<\/strong><\/td>\n<td style=\"text-align: center;\"><strong>DM-2<\/strong><\/td>\n<td style=\"text-align: center;\"><strong>DM-3<\/strong><\/td>\n<td style=\"text-align: center;\"><strong>DM-4<\/strong><\/td>\n<\/tr>\n<tr>\n<td style=\"text-align: center;\"><strong>Spannweite (m)<\/strong><\/td>\n<td style=\"text-align: center;\">6,0<\/td>\n<td style=\"text-align: center;\">8,25<\/td>\n<td style=\"text-align: center;\">8,25<\/td>\n<td style=\"text-align: center;\">&#8211;<\/td>\n<\/tr>\n<tr>\n<td style=\"text-align: center;\"><strong>L\u00e4nge (m)<\/strong><\/td>\n<td style=\"text-align: center;\">6,32<\/td>\n<td style=\"text-align: center;\">8,94<\/td>\n<td style=\"text-align: center;\">8,94<\/td>\n<td style=\"text-align: center;\">&#8211;<\/td>\n<\/tr>\n<tr>\n<td style=\"text-align: center;\"><strong>H\u00f6he (m)<\/strong><\/td>\n<td style=\"text-align: center;\">3,25<\/td>\n<td style=\"text-align: center;\">4,12<\/td>\n<td style=\"text-align: center;\">4,12<\/td>\n<td style=\"text-align: center;\">&#8211;<\/td>\n<\/tr>\n<tr>\n<td style=\"text-align: center;\"><strong>Besatzung<\/strong><\/td>\n<td style=\"text-align: center;\">1 Pilot, sitzend<\/td>\n<td style=\"text-align: center;\">1 Pilot, liegend<\/td>\n<td style=\"text-align: center;\">1 Pilot, liegend<\/td>\n<td style=\"text-align: center;\">&#8211;<\/td>\n<\/tr>\n<tr>\n<td style=\"text-align: center;\"><strong>Verwendungszweck<\/strong><\/td>\n<td style=\"text-align: center;\">Versuchsflugzeug<\/td>\n<td style=\"text-align: center;\">\u00dcberschall-Versuchsflugzeug<\/td>\n<td style=\"text-align: center;\">DM-2 mit Druckkabine<\/td>\n<td style=\"text-align: center;\">Triebwerkserprobung<\/td>\n<\/tr>\n<tr>\n<td style=\"text-align: center;\"><strong>Steiggeschwindigkeit (km\/h)<\/strong><\/td>\n<td style=\"text-align: center;\">&#8211;<\/td>\n<td style=\"text-align: center;\">500<\/td>\n<td style=\"text-align: center;\">&#8211;<\/td>\n<td style=\"text-align: center;\">&#8211;<\/td>\n<\/tr>\n<tr>\n<td style=\"text-align: center;\"><strong>H\u00f6chstgeschwindigkeit (km\/h)<\/strong><\/td>\n<td style=\"text-align: center;\">560<\/td>\n<td style=\"text-align: center;\">6.000<\/td>\n<td style=\"text-align: center;\">10.000<\/td>\n<td style=\"text-align: center;\">&#8211;<\/td>\n<\/tr>\n<tr>\n<td style=\"text-align: center;\"><strong>Landegeschwindigkeit (km\/h)<\/strong><\/td>\n<td style=\"text-align: center;\">72<\/td>\n<td style=\"text-align: center;\">85<\/td>\n<td style=\"text-align: center;\">&#8211;<\/td>\n<td style=\"text-align: center;\">&#8211;<\/td>\n<\/tr>\n<tr>\n<td style=\"text-align: center;\"><strong>Gleitzahl<\/strong><\/td>\n<td style=\"text-align: center;\">7<\/td>\n<td style=\"text-align: center;\">&#8211;<\/td>\n<td style=\"text-align: center;\">&#8211;<\/td>\n<td style=\"text-align: center;\">&#8211;<\/td>\n<\/tr>\n<tr>\n<td style=\"text-align: center;\"><strong>Triebwerk<\/strong><\/td>\n<td style=\"text-align: center;\">&#8211;<\/td>\n<td style=\"text-align: center;\">Walther Raketen-Triebwerk<\/td>\n<td style=\"text-align: center;\">Walther C-Raketen-Triebwerk<\/td>\n<td style=\"text-align: center;\">Walther C-Raketen-Triebwerk<\/td>\n<\/tr>\n<tr>\n<td style=\"text-align: center;\"><strong>Leergewicht (kg)<\/strong><\/td>\n<td style=\"text-align: center;\">375<\/td>\n<td style=\"text-align: center;\">&#8211;<\/td>\n<td style=\"text-align: center;\">&#8211;<\/td>\n<td style=\"text-align: center;\">2.500 ohne Triebwerk<\/td>\n<\/tr>\n<tr>\n<td style=\"text-align: center;\"><strong>Fluggewicht (kg)<\/strong><\/td>\n<td style=\"text-align: center;\">460<\/td>\n<td style=\"text-align: center;\">11.500<\/td>\n<td style=\"text-align: center;\">&#8211;<\/td>\n<td style=\"text-align: center;\">&#8211;<\/td>\n<\/tr>\n<tr>\n<td style=\"text-align: center;\"><strong>Baustoffe<\/strong><\/td>\n<td style=\"text-align: center;\">Holz, Stahlrohr<\/td>\n<td style=\"text-align: center;\">Holz, Metall<\/td>\n<td style=\"text-align: center;\">Holz, Metall<\/td>\n<td style=\"text-align: center;\">&#8211;<\/td>\n<\/tr>\n<\/tbody>\n<\/table>\n<p><!-- \/wp:table --><\/p>\t\t\t\t\t\t\t\t<\/div>\n\t\t\t\t<\/div>\n\t\t\t\t\t<\/div>\n\t\t<\/div>\n\t\t\t\t\t<\/div>\n\t\t<\/section>\n\t\t\t\t<section class=\"elementor-section elementor-top-section elementor-element elementor-element-06266f1 elementor-section-boxed elementor-section-height-default elementor-section-height-default\" data-id=\"06266f1\" data-element_type=\"section\" data-e-type=\"section\">\n\t\t\t\t\t\t<div class=\"elementor-container elementor-column-gap-default\">\n\t\t\t\t\t<div class=\"elementor-column elementor-col-100 elementor-top-column elementor-element elementor-element-9acdd5e\" data-id=\"9acdd5e\" data-element_type=\"column\" data-e-type=\"column\">\n\t\t\t<div class=\"elementor-widget-wrap elementor-element-populated\">\n\t\t\t\t\t\t<div class=\"elementor-element elementor-element-614ba64 elementor-widget elementor-widget-spacer\" data-id=\"614ba64\" data-element_type=\"widget\" data-e-type=\"widget\" data-widget_type=\"spacer.default\">\n\t\t\t\t<div class=\"elementor-widget-container\">\n\t\t\t\t\t\t\t<div class=\"elementor-spacer\">\n\t\t\t<div class=\"elementor-spacer-inner\"><\/div>\n\t\t<\/div>\n\t\t\t\t\t\t<\/div>\n\t\t\t\t<\/div>\n\t\t\t\t\t<\/div>\n\t\t<\/div>\n\t\t\t\t\t<\/div>\n\t\t<\/section>\n\t\t\t\t<\/div>\n\t\t","protected":false},"excerpt":{"rendered":"<p>Die DM-Serie (geplant in Versionen von 1 bis 4) war ein Gemeinschaftsprojekt der Akaflieg Darmstadt und M\u00fcnchen. Sie ist eines der spannendsten Projekte der Akaflieg. Bei der Planung der DM-Serie wurden Grenzen \u00fcberschritten, die den Entwicklungsm\u00f6glichkeiten einer Akaflieg und der Luftfahrt allgemein gesetzt waren. So hatte beispielsweise die DM4 eine geplante Fl\u00e4che von 70m\u00b2 und &hellip; <\/p>\n<p class=\"link-more\"><a href=\"https:\/\/www.akaflieg.vo.tum.de\/de\/dm-1\/\" class=\"more-link\">Mehr <span class=\"screen-reader-text\">\u00fcber &#8222;DM-1 (1945)&#8220; <\/span>Lesen<\/a><\/p>\n","protected":false},"author":4,"featured_media":0,"parent":0,"menu_order":0,"comment_status":"closed","ping_status":"closed","template":"","meta":{"inspiro_hide_title":false,"footnotes":""},"class_list":["post-2449","page","type-page","status-publish","hentry"],"jetpack_sharing_enabled":true,"featured_media_urls":[],"_links":{"self":[{"href":"https:\/\/www.akaflieg.vo.tum.de\/de\/wp-json\/wp\/v2\/pages\/2449","targetHints":{"allow":["GET"]}}],"collection":[{"href":"https:\/\/www.akaflieg.vo.tum.de\/de\/wp-json\/wp\/v2\/pages"}],"about":[{"href":"https:\/\/www.akaflieg.vo.tum.de\/de\/wp-json\/wp\/v2\/types\/page"}],"author":[{"embeddable":true,"href":"https:\/\/www.akaflieg.vo.tum.de\/de\/wp-json\/wp\/v2\/users\/4"}],"replies":[{"embeddable":true,"href":"https:\/\/www.akaflieg.vo.tum.de\/de\/wp-json\/wp\/v2\/comments?post=2449"}],"version-history":[{"count":10,"href":"https:\/\/www.akaflieg.vo.tum.de\/de\/wp-json\/wp\/v2\/pages\/2449\/revisions"}],"predecessor-version":[{"id":7060,"href":"https:\/\/www.akaflieg.vo.tum.de\/de\/wp-json\/wp\/v2\/pages\/2449\/revisions\/7060"}],"wp:attachment":[{"href":"https:\/\/www.akaflieg.vo.tum.de\/de\/wp-json\/wp\/v2\/media?parent=2449"}],"curies":[{"name":"wp","href":"https:\/\/api.w.org\/{rel}","templated":true}]}}