{"id":1491,"date":"2019-03-13T11:33:50","date_gmt":"2019-03-13T10:33:50","guid":{"rendered":"http:\/\/www.akaflieg.vo.tum.de\/bugs\/?page_id=1491"},"modified":"2026-02-21T01:44:15","modified_gmt":"2026-02-21T00:44:15","slug":"impressum","status":"publish","type":"page","link":"https:\/\/www.akaflieg.vo.tum.de\/de\/impressum\/","title":{"rendered":"Impressum"},"content":{"rendered":"\t\t<div data-elementor-type=\"wp-post\" data-elementor-id=\"1491\" class=\"elementor elementor-1491\">\n\t\t\t\t\t\t<section class=\"elementor-section elementor-top-section elementor-element elementor-element-13ecb44 elementor-section-boxed elementor-section-height-default elementor-section-height-default\" data-id=\"13ecb44\" data-element_type=\"section\" data-e-type=\"section\">\n\t\t\t\t\t\t<div class=\"elementor-container elementor-column-gap-default\">\n\t\t\t\t\t<div class=\"elementor-column elementor-col-100 elementor-top-column elementor-element elementor-element-bdbfa69\" data-id=\"bdbfa69\" data-element_type=\"column\" data-e-type=\"column\">\n\t\t\t<div class=\"elementor-widget-wrap elementor-element-populated\">\n\t\t\t\t\t\t<div class=\"elementor-element elementor-element-b85e59d elementor-widget elementor-widget-text-editor\" data-id=\"b85e59d\" data-element_type=\"widget\" data-e-type=\"widget\" data-widget_type=\"text-editor.default\">\n\t\t\t\t<div class=\"elementor-widget-container\">\n\t\t\t\t\t\t\t\t\t<h2>Kontaktdaten<\/h2><p><strong>Anschrift:<\/strong><br \/>Akaflieg M\u00fcnchen e.\u00a0V.<br \/>Flugtechnische Forschungsgruppe der TU M\u00fcnchen<br \/>Arcisstra\u00dfe 21<br \/>80333 M\u00fcnchen<\/p><p><strong>Lieferadresse:<\/strong><br \/>Boltzmannstr. 15<br \/>85748 Garching b. M\u00fcnchen<\/p><p><strong>Sonstige Kontaktdaten:<\/strong><br \/>Telefon:\u00a0 +49 89 289-15978<br \/>Fax: +49 89 289-15979<br \/>E-Mail: <a href=\"mailto:info@akaflieg-muenchen.de\">info@akaflieg-muenchen.de<br \/><\/a>Webseite:\u00a0<a href=\"http:\/\/www.akaflieg-muenchen.de\/\">http:\/\/www.akaflieg-muenchen.de<\/a><\/p>\t\t\t\t\t\t\t\t<\/div>\n\t\t\t\t<\/div>\n\t\t\t\t<div class=\"elementor-element elementor-element-6828280 elementor-widget elementor-widget-text-editor\" data-id=\"6828280\" data-element_type=\"widget\" data-e-type=\"widget\" data-widget_type=\"text-editor.default\">\n\t\t\t\t<div class=\"elementor-widget-container\">\n\t\t\t\t\t\t\t\t\t<h2 style=\"color: #000000; padding-top: 0.625em;\">Rechtliche Daten<\/h2><p style=\"color: #666666; font-family: 'Nunito Sans', sans-serif; font-size: 17px; font-weight: 400;\"><span style=\"font-weight: bold;\">Vertretungsberechtigter Vorstand:<\/span><br \/>1. Vorstand: Prof. Dr. Ferna\u00df Daoud<br \/>2. Vorstand: Dipl. Ing. Dirk Weisel<br \/>Gesch\u00e4ftsf\u00fchrer: Olivia Stark<\/p><p style=\"color: #666666; font-family: 'Nunito Sans', sans-serif; font-size: 17px; font-weight: 400;\"><span style=\"font-weight: bold;\">Inhaltlich verantwortlich:<\/span><br \/>Olivia Stark, Mathias Bacher<\/p><p style=\"color: #666666; font-family: 'Nunito Sans', sans-serif; font-size: 17px; font-weight: 400;\"><span style=\"font-weight: bold;\">Steuerliche Informationen:<\/span><br \/>Registergericht: Amtsgericht M\u00fcnchen<br \/>Registernummer: VR 4551<br \/>USt-IdNr: DE263738176<\/p>\t\t\t\t\t\t\t\t<\/div>\n\t\t\t\t<\/div>\n\t\t\t\t<div class=\"elementor-element elementor-element-56cdeec elementor-widget elementor-widget-text-editor\" data-id=\"56cdeec\" data-element_type=\"widget\" data-e-type=\"widget\" data-widget_type=\"text-editor.default\">\n\t\t\t\t<div class=\"elementor-widget-container\">\n\t\t\t\t\t\t\t\t\t<h2>Bankverbindung<\/h2><p>Kontoinhaber: AKAFLIEG M\u00dcNCHEN EINGETRAGENER VEREIN FLUGTECH.<br \/>IBAN: DE50\u00a07025 0150 0017 2830\u00a094<br \/>BIC (KSK M\u00fcnchen Starnberg): BYLADEM1KMS<\/p>\t\t\t\t\t\t\t\t<\/div>\n\t\t\t\t<\/div>\n\t\t\t\t<div class=\"elementor-element elementor-element-796629a elementor-widget elementor-widget-text-editor\" data-id=\"796629a\" data-element_type=\"widget\" data-e-type=\"widget\" data-widget_type=\"text-editor.default\">\n\t\t\t\t<div class=\"elementor-widget-container\">\n\t\t\t\t\t\t\t\t\t<h2>Haftungshinweis<\/h2><p>Trotz sorgf\u00e4ltiger inhaltlicher Kontrolle \u00fcbernehmen wir keine Haftung f\u00fcr die Inhalte externer Links oder eingebetteter externer Elemente. F\u00fcr den Inhalt der verlinkten Seiten sind ausschlie\u00dflich deren Betreiber verantwortlich.<\/p><p>\u00a0<\/p>\t\t\t\t\t\t\t\t<\/div>\n\t\t\t\t<\/div>\n\t\t\t\t\t<\/div>\n\t\t<\/div>\n\t\t\t\t\t<\/div>\n\t\t<\/section>\n\t\t\t\t<\/div>\n\t\t","protected":false},"excerpt":{"rendered":"<p>The English version of this page could be outdated or contain translation errors. For legal issues, please refer to the information on the original German version of the page. &times; Kontaktdaten Anschrift:Akaflieg M\u00fcnchen e.\u00a0V.Flugtechnische Forschungsgruppe der TU M\u00fcnchenArcisstra\u00dfe 2180333 M\u00fcnchen Lieferadresse:Boltzmannstr. 1585748 Garching b. M\u00fcnchen Sonstige Kontaktdaten:Telefon:\u00a0 +49 89 289-15978Fax: +49 89 289-15979E-Mail: info@akaflieg-muenchen.deWebseite:\u00a0http:\/\/www.akaflieg-muenchen.de Rechtliche &hellip; <\/p>\n<p class=\"link-more\"><a href=\"https:\/\/www.akaflieg.vo.tum.de\/de\/impressum\/\" class=\"more-link\">Mehr <span class=\"screen-reader-text\">\u00fcber &#8222;Impressum&#8220; <\/span>Lesen<\/a><\/p>\n","protected":false},"author":4,"featured_media":0,"parent":0,"menu_order":0,"comment_status":"closed","ping_status":"closed","template":"","meta":{"inspiro_hide_title":false,"footnotes":""},"class_list":["post-1491","page","type-page","status-publish","hentry"],"jetpack_sharing_enabled":true,"featured_media_urls":[],"_links":{"self":[{"href":"https:\/\/www.akaflieg.vo.tum.de\/de\/wp-json\/wp\/v2\/pages\/1491","targetHints":{"allow":["GET"]}}],"collection":[{"href":"https:\/\/www.akaflieg.vo.tum.de\/de\/wp-json\/wp\/v2\/pages"}],"about":[{"href":"https:\/\/www.akaflieg.vo.tum.de\/de\/wp-json\/wp\/v2\/types\/page"}],"author":[{"embeddable":true,"href":"https:\/\/www.akaflieg.vo.tum.de\/de\/wp-json\/wp\/v2\/users\/4"}],"replies":[{"embeddable":true,"href":"https:\/\/www.akaflieg.vo.tum.de\/de\/wp-json\/wp\/v2\/comments?post=1491"}],"version-history":[{"count":75,"href":"https:\/\/www.akaflieg.vo.tum.de\/de\/wp-json\/wp\/v2\/pages\/1491\/revisions"}],"predecessor-version":[{"id":8023,"href":"https:\/\/www.akaflieg.vo.tum.de\/de\/wp-json\/wp\/v2\/pages\/1491\/revisions\/8023"}],"wp:attachment":[{"href":"https:\/\/www.akaflieg.vo.tum.de\/de\/wp-json\/wp\/v2\/media?parent=1491"}],"curies":[{"name":"wp","href":"https:\/\/api.w.org\/{rel}","templated":true}]}}